{"id":100,"date":"2017-08-08T08:44:08","date_gmt":"2017-08-08T08:44:08","guid":{"rendered":"http:\/\/czteryporymilowania.pl\/?page_id=100"},"modified":"2025-09-09T18:02:24","modified_gmt":"2025-09-09T18:02:24","slug":"o-zespole","status":"publish","type":"page","link":"https:\/\/czteryporymilowania.pl\/?page_id=100","title":{"rendered":"O zespole"},"content":{"rendered":"\n<h2 class=\"wp-block-heading\">Muzyka jest dla nas rozmow\u0105 z drugim cz\u0142owiekiem\u2026<\/h2>\n\n\n\n<p><strong>Cztery Pory Mi\u0142owania<\/strong> na scenie kieruj\u0105 si\u0119 szczero\u015bci\u0105, normalno\u015bci\u0105, pokor\u0105 i dobrym humorem. Nie pod\u0105\u017caj\u0105c za utartymi \u015bcie\u017ckami, lecz wyznaczaj\u0105c w\u0142asne kierunki, co odczu\u0107 mo\u017cna zar\u00f3wno w warstwie dotycz\u0105cej samej sztuki, jak te\u017c w przekazie, kierowanym do publiczno\u015bci. Ciesz\u0105 si\u0119 wielk\u0105 popularno\u015bci\u0105 i uznaniem w\u015br\u00f3d fan\u00f3w, czego odzwierciedleniem s\u0105 pe\u0142ne sale koncertowe, owacje na stoj\u0105co oraz wyj\u0105tkowa i roz\u015bpiewana publiczno\u015b\u0107!<\/p>\n\n\n<blockquote>\n<p>&#8222;Muzyka jest dla nas sposobem na powiedzenie drugiemu cz\u0142owiekowi tego, co chcieliby\u015bmy powiedzie\u0107 w rozmowie z nim. \u0141\u0105czymy ludzi w prze\u017cywaniu ich emocji, dotykamy wa\u017cnych temat\u00f3w i potrzeby dobrej przemiany ludzkiego \u017cycia. Publiczno\u015b\u0107 podczas naszych koncert\u00f3w nie pozostawia w\u0105tpliwo\u015bci, \u017ce to, co robimy jest \u017celaznym pomostem od cz\u0142owieka do cz\u0142owieka. Nasza widownia nie wstydzi si\u0119 \u0142ez, a kiedy trzeba potrafimy razem g\u0142o\u015bno si\u0119 \u015bmia\u0107!\u201d<\/p>\n<\/blockquote>\n\n\n<div class=\"wp-block-columns is-layout-flex wp-container-core-columns-is-layout-9d6595d7 wp-block-columns-is-layout-flex\">\n<div class=\"wp-block-column is-layout-flow wp-block-column-is-layout-flow\">\n<figure class=\"wp-block-image size-full\"><img loading=\"lazy\" decoding=\"async\" width=\"674\" height=\"579\" src=\"https:\/\/czteryporymilowania.pl\/wp-content\/uploads\/2025\/08\/Group-147.png\" alt=\"\" class=\"wp-image-9445\" srcset=\"https:\/\/czteryporymilowania.pl\/wp-content\/uploads\/2025\/08\/Group-147.png 674w, https:\/\/czteryporymilowania.pl\/wp-content\/uploads\/2025\/08\/Group-147-600x515.png 600w, https:\/\/czteryporymilowania.pl\/wp-content\/uploads\/2025\/08\/Group-147-300x258.png 300w\" sizes=\"auto, (max-width: 674px) 100vw, 674px\" \/><\/figure>\n<\/div>\n\n\n\n<div class=\"wp-block-column is-layout-flow wp-block-column-is-layout-flow\">\n<p><strong>Micha\u0142 Miotke <\/strong>&#8211; wokalista, gitarzysta, autor muzyki, lider, konferansjer. To jego poruszaj\u0105cy i niepowtarzalny g\u0142os jest g\u0142osem Czterech P\u00f3r Mi\u0142owania! Micha\u0142 jest sercem i twarz\u0105 zespo\u0142u, to wybitny wokalista i m\u00f3wca; prowadzi zesp\u00f3\u0142, swoim g\u0142osem nadaje mu kszta\u0142t i charakter, pisze muzyk\u0119 do wi\u0119kszo\u015bci utwor\u00f3w, a swoj\u0105 niezwyk\u0142\u0105 charyzm\u0119 i szczero\u015b\u0107 sceniczn\u0105, przek\u0142ada na docieranie do serca drugiego cz\u0142owieka. W zespole pe\u0142ni tak\u017ce obowi\u0105zki managera, odpowiedzialnego za ca\u0142okszta\u0142t funkcjonowania zespo\u0142u. Samodzielnie wydaje i dystrybuuje wszystkie p\u0142yty zespo\u0142u. Odpowiada tak\u017ce za kontakt z fanami.<\/p>\n\n\n\n<p><strong>Patryk Wendrowski <\/strong>&#8211; basista, kontrabasista i gitarzysta, autor linii melodycznych do niekt\u00f3rych piosenek. To wirtuoz i aran\u017cer z genialn\u0105 wyobra\u017ani\u0105 muzyczn\u0105. Jego wysublimowane spojrzenie na d\u017awi\u0119ki i wrodzona melancholia muzyczna pozwalaj\u0105 na g\u0142\u0119bokie i pe\u0142ne pasji brzmienia.<\/p>\n\n\n\n<p><strong>Malwina Groenwald <\/strong>&#8211; znakomita pianistka, ponadto zwykle \u015bpiewaj\u0105ca drugi g\u0142os i dbaj\u0105ca o nastr\u00f3j za pomoc\u0105 nietuzinkowych refleksji d\u017awi\u0119kowych. Jej gra na klawiszach to nieustaj\u0105cy balans pomi\u0119dzy tak potrzebn\u0105 delikatno\u015bci\u0105 i energicznym szale\u0144stwem. Cechuje j\u0105 niezwyk\u0142a swoboda i oryginalno\u015b\u0107.<\/p>\n\n\n\n<p><strong>Justyna Lew-Machnicka<\/strong>&#8211; poetka i autorka tekst\u00f3w z kt\u00f3r\u0105 zesp\u00f3\u0142 rozpocz\u0105\u0142 wsp\u00f3\u0142prac\u0119 w 2023r. By\u0142 to czas jej debiutu, od pocz\u0105tku zwi\u0105zany z czasem najwi\u0119kszych sukces\u00f3w zespo\u0142u, kiedy to swoj\u0105 niezwyk\u0142\u0105 wra\u017cliwo\u015bci\u0105 i osobowo\u015bci\u0105 zyska\u0142a uznanie szerokiego grona odbiorc\u00f3w. Nieustannie wspiera zesp\u00f3\u0142 swoim wyj\u0105tkowym talentem, pisz\u0105c tak\u017ce scenariusze teledysk\u00f3w, czy udzielaj\u0105c si\u0119 w nich aktorsko.<\/p>\n\n\n\n<p>Zesp\u00f3\u0142 w swojej karierze wyda\u0142 siedem album\u00f3w studyjnych, najnowszy z nich nosi tytu\u0142 \u201e\u0141zy anio\u0142a\u201d. Ma na swoim koncie zaszczytne wyr\u00f3\u017cnienie; to Z\u0142ota i Platynowa p\u0142yta za album pt. \u201eZaczynam od nowa\u201d, kt\u00f3r\u0105 otrzyma\u0142 ju\u017c w rok od jego premiery!<\/p>\n<\/div>\n<\/div>\n\n\n\n<div class=\"wp-block-columns is-layout-flex wp-container-core-columns-is-layout-9d6595d7 wp-block-columns-is-layout-flex\">\n<div class=\"wp-block-column is-layout-flow wp-block-column-is-layout-flow\">\n<figure class=\"wp-block-image size-full\"><img loading=\"lazy\" decoding=\"async\" width=\"674\" height=\"579\" src=\"https:\/\/czteryporymilowania.pl\/wp-content\/uploads\/2025\/09\/Group-147-1.png\" alt=\"\" class=\"wp-image-9808\" srcset=\"https:\/\/czteryporymilowania.pl\/wp-content\/uploads\/2025\/09\/Group-147-1.png 674w, https:\/\/czteryporymilowania.pl\/wp-content\/uploads\/2025\/09\/Group-147-1-600x515.png 600w\" sizes=\"auto, (max-width: 674px) 100vw, 674px\" \/><\/figure>\n<\/div>\n\n\n\n<div class=\"wp-block-column is-layout-flow wp-block-column-is-layout-flow\">\n<p>Znaj\u0105 si\u0119 i muzykuj\u0105 ze sob\u0105 od dzieci\u0144stwa. To rok 2014 by\u0142 rokiem decyduj\u0105cym muzycznie, to w\u0142a\u015bnie duet za\u0142o\u017cycielski Micha\u0142 Miotke i Patryk Wendrowski nada\u0142 kierunek muzycznej przysz\u0142o\u015bci. Pierwsze lata po za\u0142o\u017ceniu zespo\u0142u nie wi\u0105za\u0142y si\u0119 z koncertowaniem, ani wydawaniem p\u0142yt, a by\u0142y czasem realizowania pasji do muzyki w przydomowym zaciszu, na ma\u0142ych scenach.<\/p>\n\n\n\n<p>W roku 2023 r. zesp\u00f3\u0142 rozpocz\u0105\u0142 profesjonaln\u0105 karier\u0119 muzyczn\u0105 na du\u017cych scenach w ca\u0142ej Polsce, a okres zaledwie kilku miesi\u0119cy zaowocowa\u0142 ogromnym zainteresowaniem publiczno\u015bci, co prze\u0142o\u017cy\u0142o si\u0119 na zape\u0142nione sale koncertowe najwi\u0119kszych obiekt\u00f3w w ca\u0142ym kraju. Tak wielkie uznanie i popularno\u015b\u0107, przyczyni\u0142y si\u0119 do podj\u0119cia decyzji o tym, aby szerzy\u0107 przekaz koncentruj\u0105cy si\u0119 na oderwaniu cz\u0142owieka od zagro\u017ce\u0144 wsp\u00f3\u0142czesnego \u015bwiata i wskazaniu na najwy\u017csze warto\u015bci.<\/p>\n\n\n\n<p><strong>Sta\u0142y sk\u0142ad zespo\u0142u tworz\u0105:<\/strong><\/p>\n<ul>\n<li>Micha\u0142 Miotke \u2013 \u015bpiew, gitara akustyczna<\/li>\n<li>Patryk Wendrowski \u2013 gitara basowa, kontrabas<\/li>\n<li>Malwina Groenwald \u2013 instrumenty klawiszowe<\/li>\n<li>Justyna Lew-Machnicka \u2013 autorka wi\u0119kszo\u015bci tekst\u00f3w<\/li>\n<\/ul>\n<\/div>\n<\/div>\n","protected":false},"excerpt":{"rendered":"<p>Muzyka jest dla nas rozmow\u0105 z drugim cz\u0142owiekiem\u2026 Cztery Pory Mi\u0142owania na scenie kieruj\u0105 si\u0119 szczero\u015bci\u0105, normalno\u015bci\u0105, pokor\u0105 i dobrym humorem. Nie pod\u0105\u017caj\u0105c za utartymi \u015bcie\u017ckami, lecz wyznaczaj\u0105c w\u0142asne kierunki, co odczu\u0107 mo\u017cna zar\u00f3wno w warstwie dotycz\u0105cej samej sztuki, jak te\u017c w przekazie, kierowanym do publiczno\u015bci. Ciesz\u0105 si\u0119 wielk\u0105 popularno\u015bci\u0105 i uznaniem w\u015br\u00f3d fan\u00f3w, czego [&hellip;]<\/p>\n","protected":false},"author":1,"featured_media":9443,"parent":0,"menu_order":0,"comment_status":"closed","ping_status":"closed","template":"about.php","meta":{"_acf_changed":false,"footnotes":""},"class_list":["post-100","page","type-page","status-publish","has-post-thumbnail","hentry"],"acf":[],"yoast_head":"<!-- This site is optimized with the Yoast SEO plugin v27.4 - https:\/\/yoast.com\/product\/yoast-seo-wordpress\/ -->\n<title>O zespole - Cztery Pory Mi\u0142owania<\/title>\n<meta name=\"robots\" content=\"index, follow, max-snippet:-1, max-image-preview:large, max-video-preview:-1\" \/>\n<link rel=\"canonical\" href=\"https:\/\/czteryporymilowania.pl\/?page_id=100\" \/>\n<meta property=\"og:locale\" content=\"pl_PL\" \/>\n<meta property=\"og:type\" content=\"article\" \/>\n<meta property=\"og:title\" content=\"O zespole - Cztery Pory Mi\u0142owania\" \/>\n<meta property=\"og:description\" content=\"Muzyka jest dla nas rozmow\u0105 z drugim cz\u0142owiekiem\u2026 Cztery Pory Mi\u0142owania na scenie kieruj\u0105 si\u0119 szczero\u015bci\u0105, normalno\u015bci\u0105, pokor\u0105 i dobrym humorem. Nie pod\u0105\u017caj\u0105c za utartymi \u015bcie\u017ckami, lecz wyznaczaj\u0105c w\u0142asne kierunki, co odczu\u0107 mo\u017cna zar\u00f3wno w warstwie dotycz\u0105cej samej sztuki, jak te\u017c w przekazie, kierowanym do publiczno\u015bci. Ciesz\u0105 si\u0119 wielk\u0105 popularno\u015bci\u0105 i uznaniem w\u015br\u00f3d fan\u00f3w, czego [&hellip;]\" \/>\n<meta property=\"og:url\" content=\"https:\/\/czteryporymilowania.pl\/?page_id=100\" \/>\n<meta property=\"og:site_name\" content=\"Cztery Pory Mi\u0142owania\" \/>\n<meta property=\"article:modified_time\" content=\"2025-09-09T18:02:24+00:00\" \/>\n<meta property=\"og:image\" content=\"https:\/\/czteryporymilowania.pl\/wp-content\/uploads\/2025\/08\/0014-scaled.jpg\" \/>\n\t<meta property=\"og:image:width\" content=\"2560\" \/>\n\t<meta property=\"og:image:height\" content=\"1707\" \/>\n\t<meta property=\"og:image:type\" content=\"image\/jpeg\" \/>\n<meta name=\"twitter:card\" content=\"summary_large_image\" \/>\n<meta name=\"twitter:label1\" content=\"Szacowany czas czytania\" \/>\n\t<meta name=\"twitter:data1\" content=\"4 minuty\" \/>\n<script type=\"application\/ld+json\" class=\"yoast-schema-graph\">{\"@context\":\"https:\\\/\\\/schema.org\",\"@graph\":[{\"@type\":\"WebPage\",\"@id\":\"https:\\\/\\\/czteryporymilowania.pl\\\/?page_id=100\",\"url\":\"https:\\\/\\\/czteryporymilowania.pl\\\/?page_id=100\",\"name\":\"O zespole - Cztery Pory Mi\u0142owania\",\"isPartOf\":{\"@id\":\"https:\\\/\\\/czteryporymilowania.pl\\\/#website\"},\"primaryImageOfPage\":{\"@id\":\"https:\\\/\\\/czteryporymilowania.pl\\\/?page_id=100#primaryimage\"},\"image\":{\"@id\":\"https:\\\/\\\/czteryporymilowania.pl\\\/?page_id=100#primaryimage\"},\"thumbnailUrl\":\"https:\\\/\\\/czteryporymilowania.pl\\\/wp-content\\\/uploads\\\/2025\\\/08\\\/0014-scaled.jpg\",\"datePublished\":\"2017-08-08T08:44:08+00:00\",\"dateModified\":\"2025-09-09T18:02:24+00:00\",\"breadcrumb\":{\"@id\":\"https:\\\/\\\/czteryporymilowania.pl\\\/?page_id=100#breadcrumb\"},\"inLanguage\":\"pl-PL\",\"potentialAction\":[{\"@type\":\"ReadAction\",\"target\":[\"https:\\\/\\\/czteryporymilowania.pl\\\/?page_id=100\"]}]},{\"@type\":\"ImageObject\",\"inLanguage\":\"pl-PL\",\"@id\":\"https:\\\/\\\/czteryporymilowania.pl\\\/?page_id=100#primaryimage\",\"url\":\"https:\\\/\\\/czteryporymilowania.pl\\\/wp-content\\\/uploads\\\/2025\\\/08\\\/0014-scaled.jpg\",\"contentUrl\":\"https:\\\/\\\/czteryporymilowania.pl\\\/wp-content\\\/uploads\\\/2025\\\/08\\\/0014-scaled.jpg\",\"width\":2560,\"height\":1707,\"caption\":\"Cztery pory milowania\"},{\"@type\":\"BreadcrumbList\",\"@id\":\"https:\\\/\\\/czteryporymilowania.pl\\\/?page_id=100#breadcrumb\",\"itemListElement\":[{\"@type\":\"ListItem\",\"position\":1,\"name\":\"Strona g\u0142\u00f3wna\",\"item\":\"https:\\\/\\\/czteryporymilowania.pl\\\/\"},{\"@type\":\"ListItem\",\"position\":2,\"name\":\"O zespole\"}]},{\"@type\":\"WebSite\",\"@id\":\"https:\\\/\\\/czteryporymilowania.pl\\\/#website\",\"url\":\"https:\\\/\\\/czteryporymilowania.pl\\\/\",\"name\":\"Cztery Pory Mi\u0142owania\",\"description\":\"Oficjalna strona zespo\u0142u Cztery Pory Mi\u0142owania\",\"publisher\":{\"@id\":\"https:\\\/\\\/czteryporymilowania.pl\\\/#organization\"},\"potentialAction\":[{\"@type\":\"SearchAction\",\"target\":{\"@type\":\"EntryPoint\",\"urlTemplate\":\"https:\\\/\\\/czteryporymilowania.pl\\\/?s={search_term_string}\"},\"query-input\":{\"@type\":\"PropertyValueSpecification\",\"valueRequired\":true,\"valueName\":\"search_term_string\"}}],\"inLanguage\":\"pl-PL\"},{\"@type\":\"Organization\",\"@id\":\"https:\\\/\\\/czteryporymilowania.pl\\\/#organization\",\"name\":\"Cztery Pory Mi\u0142owania\",\"url\":\"https:\\\/\\\/czteryporymilowania.pl\\\/\",\"logo\":{\"@type\":\"ImageObject\",\"inLanguage\":\"pl-PL\",\"@id\":\"https:\\\/\\\/czteryporymilowania.pl\\\/#\\\/schema\\\/logo\\\/image\\\/\",\"url\":\"https:\\\/\\\/czteryporymilowania.pl\\\/wp-content\\\/uploads\\\/2021\\\/06\\\/cropped-209428703_138683461698957_504648459400028346_n.png\",\"contentUrl\":\"https:\\\/\\\/czteryporymilowania.pl\\\/wp-content\\\/uploads\\\/2021\\\/06\\\/cropped-209428703_138683461698957_504648459400028346_n.png\",\"width\":512,\"height\":512,\"caption\":\"Cztery Pory Mi\u0142owania\"},\"image\":{\"@id\":\"https:\\\/\\\/czteryporymilowania.pl\\\/#\\\/schema\\\/logo\\\/image\\\/\"}}]}<\/script>\n<!-- \/ Yoast SEO plugin. -->","yoast_head_json":{"title":"O zespole - Cztery Pory Mi\u0142owania","robots":{"index":"index","follow":"follow","max-snippet":"max-snippet:-1","max-image-preview":"max-image-preview:large","max-video-preview":"max-video-preview:-1"},"canonical":"https:\/\/czteryporymilowania.pl\/?page_id=100","og_locale":"pl_PL","og_type":"article","og_title":"O zespole - Cztery Pory Mi\u0142owania","og_description":"Muzyka jest dla nas rozmow\u0105 z drugim cz\u0142owiekiem\u2026 Cztery Pory Mi\u0142owania na scenie kieruj\u0105 si\u0119 szczero\u015bci\u0105, normalno\u015bci\u0105, pokor\u0105 i dobrym humorem. Nie pod\u0105\u017caj\u0105c za utartymi \u015bcie\u017ckami, lecz wyznaczaj\u0105c w\u0142asne kierunki, co odczu\u0107 mo\u017cna zar\u00f3wno w warstwie dotycz\u0105cej samej sztuki, jak te\u017c w przekazie, kierowanym do publiczno\u015bci. Ciesz\u0105 si\u0119 wielk\u0105 popularno\u015bci\u0105 i uznaniem w\u015br\u00f3d fan\u00f3w, czego [&hellip;]","og_url":"https:\/\/czteryporymilowania.pl\/?page_id=100","og_site_name":"Cztery Pory Mi\u0142owania","article_modified_time":"2025-09-09T18:02:24+00:00","og_image":[{"width":2560,"height":1707,"url":"https:\/\/czteryporymilowania.pl\/wp-content\/uploads\/2025\/08\/0014-scaled.jpg","type":"image\/jpeg"}],"twitter_card":"summary_large_image","twitter_misc":{"Szacowany czas czytania":"4 minuty"},"schema":{"@context":"https:\/\/schema.org","@graph":[{"@type":"WebPage","@id":"https:\/\/czteryporymilowania.pl\/?page_id=100","url":"https:\/\/czteryporymilowania.pl\/?page_id=100","name":"O zespole - Cztery Pory Mi\u0142owania","isPartOf":{"@id":"https:\/\/czteryporymilowania.pl\/#website"},"primaryImageOfPage":{"@id":"https:\/\/czteryporymilowania.pl\/?page_id=100#primaryimage"},"image":{"@id":"https:\/\/czteryporymilowania.pl\/?page_id=100#primaryimage"},"thumbnailUrl":"https:\/\/czteryporymilowania.pl\/wp-content\/uploads\/2025\/08\/0014-scaled.jpg","datePublished":"2017-08-08T08:44:08+00:00","dateModified":"2025-09-09T18:02:24+00:00","breadcrumb":{"@id":"https:\/\/czteryporymilowania.pl\/?page_id=100#breadcrumb"},"inLanguage":"pl-PL","potentialAction":[{"@type":"ReadAction","target":["https:\/\/czteryporymilowania.pl\/?page_id=100"]}]},{"@type":"ImageObject","inLanguage":"pl-PL","@id":"https:\/\/czteryporymilowania.pl\/?page_id=100#primaryimage","url":"https:\/\/czteryporymilowania.pl\/wp-content\/uploads\/2025\/08\/0014-scaled.jpg","contentUrl":"https:\/\/czteryporymilowania.pl\/wp-content\/uploads\/2025\/08\/0014-scaled.jpg","width":2560,"height":1707,"caption":"Cztery pory milowania"},{"@type":"BreadcrumbList","@id":"https:\/\/czteryporymilowania.pl\/?page_id=100#breadcrumb","itemListElement":[{"@type":"ListItem","position":1,"name":"Strona g\u0142\u00f3wna","item":"https:\/\/czteryporymilowania.pl\/"},{"@type":"ListItem","position":2,"name":"O zespole"}]},{"@type":"WebSite","@id":"https:\/\/czteryporymilowania.pl\/#website","url":"https:\/\/czteryporymilowania.pl\/","name":"Cztery Pory Mi\u0142owania","description":"Oficjalna strona zespo\u0142u Cztery Pory Mi\u0142owania","publisher":{"@id":"https:\/\/czteryporymilowania.pl\/#organization"},"potentialAction":[{"@type":"SearchAction","target":{"@type":"EntryPoint","urlTemplate":"https:\/\/czteryporymilowania.pl\/?s={search_term_string}"},"query-input":{"@type":"PropertyValueSpecification","valueRequired":true,"valueName":"search_term_string"}}],"inLanguage":"pl-PL"},{"@type":"Organization","@id":"https:\/\/czteryporymilowania.pl\/#organization","name":"Cztery Pory Mi\u0142owania","url":"https:\/\/czteryporymilowania.pl\/","logo":{"@type":"ImageObject","inLanguage":"pl-PL","@id":"https:\/\/czteryporymilowania.pl\/#\/schema\/logo\/image\/","url":"https:\/\/czteryporymilowania.pl\/wp-content\/uploads\/2021\/06\/cropped-209428703_138683461698957_504648459400028346_n.png","contentUrl":"https:\/\/czteryporymilowania.pl\/wp-content\/uploads\/2021\/06\/cropped-209428703_138683461698957_504648459400028346_n.png","width":512,"height":512,"caption":"Cztery Pory Mi\u0142owania"},"image":{"@id":"https:\/\/czteryporymilowania.pl\/#\/schema\/logo\/image\/"}}]}},"_links":{"self":[{"href":"https:\/\/czteryporymilowania.pl\/index.php?rest_route=\/wp\/v2\/pages\/100","targetHints":{"allow":["GET"]}}],"collection":[{"href":"https:\/\/czteryporymilowania.pl\/index.php?rest_route=\/wp\/v2\/pages"}],"about":[{"href":"https:\/\/czteryporymilowania.pl\/index.php?rest_route=\/wp\/v2\/types\/page"}],"author":[{"embeddable":true,"href":"https:\/\/czteryporymilowania.pl\/index.php?rest_route=\/wp\/v2\/users\/1"}],"replies":[{"embeddable":true,"href":"https:\/\/czteryporymilowania.pl\/index.php?rest_route=%2Fwp%2Fv2%2Fcomments&post=100"}],"version-history":[{"count":55,"href":"https:\/\/czteryporymilowania.pl\/index.php?rest_route=\/wp\/v2\/pages\/100\/revisions"}],"predecessor-version":[{"id":9809,"href":"https:\/\/czteryporymilowania.pl\/index.php?rest_route=\/wp\/v2\/pages\/100\/revisions\/9809"}],"wp:featuredmedia":[{"embeddable":true,"href":"https:\/\/czteryporymilowania.pl\/index.php?rest_route=\/wp\/v2\/media\/9443"}],"wp:attachment":[{"href":"https:\/\/czteryporymilowania.pl\/index.php?rest_route=%2Fwp%2Fv2%2Fmedia&parent=100"}],"curies":[{"name":"wp","href":"https:\/\/api.w.org\/{rel}","templated":true}]}}