{"id":29,"date":"2017-07-11T11:23:32","date_gmt":"2017-07-11T11:23:32","guid":{"rendered":"http:\/\/czteryporymilowania.pl\/?page_id=29"},"modified":"2025-12-15T21:53:30","modified_gmt":"2025-12-15T21:53:30","slug":"kontakt","status":"publish","type":"page","link":"https:\/\/czteryporymilowania.pl\/?page_id=29","title":{"rendered":"Kontakt"},"content":{"rendered":"<div class=\"wpforms-container wpforms-container-full wpforms-block wpforms-block-42a53415-6402-4464-bc94-39dbf5c7f955 wpforms-render-modern\" id=\"wpforms-3372\"><form id=\"wpforms-form-3372\" class=\"wpforms-validate wpforms-form wpforms-ajax-form\" data-formid=\"3372\" method=\"post\" enctype=\"multipart\/form-data\" action=\"\/index.php?rest_route=%2Fwp%2Fv2%2Fpages%2F29\" data-token=\"e115f41751015e9d9e89c479082196d0\" data-token-time=\"1776944445\"><noscript class=\"wpforms-error-noscript\">Aby wype\u0142ni\u0107 ten formularz, w\u0142\u0105cz obs\u0142ug\u0119 JavaScript w przegl\u0105darce.<\/noscript><div class=\"wpforms-hidden\" id=\"wpforms-error-noscript\">Aby wype\u0142ni\u0107 ten formularz, w\u0142\u0105cz obs\u0142ug\u0119 JavaScript w przegl\u0105darce.<\/div><div class=\"wpforms-field-container\"><div id=\"wpforms-3372-field_0-container\" class=\"wpforms-field wpforms-field-name\" data-field-id=\"0\"><fieldset><legend class=\"wpforms-field-label\">Imi\u0119 i nazwisko <span class=\"wpforms-required-label\" aria-hidden=\"true\">*<\/span><\/legend><div class=\"wpforms-field-row wpforms-field-medium\"><div class=\"wpforms-field-row-block wpforms-first wpforms-one-half\"><input type=\"text\" id=\"wpforms-3372-field_0\" class=\"wpforms-field-name-first wpforms-field-required\" name=\"wpforms[fields][0][first]\" aria-errormessage=\"wpforms-3372-field_0-error\" required><label for=\"wpforms-3372-field_0\" class=\"wpforms-field-sublabel after\">Imi\u0119<\/label><\/div><div class=\"wpforms-field-row-block wpforms-one-half\"><input type=\"text\" id=\"wpforms-3372-field_0-last\" class=\"wpforms-field-name-last wpforms-field-required\" name=\"wpforms[fields][0][last]\" aria-errormessage=\"wpforms-3372-field_0-last-error\" required><label for=\"wpforms-3372-field_0-last\" class=\"wpforms-field-sublabel after\">Nazwisko<\/label><\/div><\/div><\/fieldset><\/div><div id=\"wpforms-3372-field_1-container\" class=\"wpforms-field wpforms-field-email\" data-field-id=\"1\"><label class=\"wpforms-field-label\" for=\"wpforms-3372-field_1\">E-mail <span class=\"wpforms-required-label\" aria-hidden=\"true\">*<\/span><\/label><input type=\"email\" id=\"wpforms-3372-field_1\" class=\"wpforms-field-medium wpforms-field-required\" name=\"wpforms[fields][1]\" spellcheck=\"false\" aria-errormessage=\"wpforms-3372-field_1-error\" required><\/div><div id=\"wpforms-3372-field_2-container\" class=\"wpforms-field wpforms-field-textarea\" data-field-id=\"2\"><label class=\"wpforms-field-label\" for=\"wpforms-3372-field_2\">Wiadomo\u015b\u0107 <span class=\"wpforms-required-label\" aria-hidden=\"true\">*<\/span><\/label><textarea id=\"wpforms-3372-field_2\" class=\"wpforms-field-medium wpforms-field-required\" name=\"wpforms[fields][2]\" aria-errormessage=\"wpforms-3372-field_2-error\" required><\/textarea><\/div><\/div><!-- .wpforms-field-container --><div class=\"wpforms-submit-container\" ><input type=\"hidden\" name=\"wpforms[id]\" value=\"3372\"><input type=\"hidden\" name=\"page_title\" value=\"\"><input type=\"hidden\" name=\"page_url\" value=\"https:\/\/czteryporymilowania.pl\/index.php?rest_route=\/wp\/v2\/pages\/29\"><input type=\"hidden\" name=\"url_referer\" value=\"\"><button type=\"submit\" name=\"wpforms[submit]\" id=\"wpforms-submit-3372\" class=\"wpforms-submit\" data-alt-text=\"Wysy\u0142anie...\" data-submit-text=\"Prze\u015blij\" aria-live=\"assertive\" value=\"wpforms-submit\">Prze\u015blij<\/button><img loading=\"lazy\" decoding=\"async\" src=\"https:\/\/czteryporymilowania.pl\/wp-content\/plugins\/wpforms-lite\/assets\/images\/submit-spin.svg\" class=\"wpforms-submit-spinner\" style=\"display: none;\" width=\"26\" height=\"26\" alt=\"Wczytywanie\"><\/div><\/form><\/div>  <!-- .wpforms-container -->\n\n<h2><strong>Dane kontaktowe:<\/strong><\/h2>\n<p><strong>CPM Micha\u0142 Miotke<\/strong><\/p>\n<p>tel. +48 513 148 645<br \/>e-mail: kontakt@czteryporymilowania.pl<\/p>\n<p>NIP: 588-233-62-87<br \/>REGON: 360481667<\/p>\n<p><strong>Technika:<\/strong><br \/>Mi\u0142osz Zygucki &#8211; d\u017awi\u0119k &#8211; tel.: 507-206-026<br \/>Micha\u0142 Chojnacki &#8211; \u015bwiat\u0142o &#8211; tel.: 602-465-066<\/p>","protected":false},"excerpt":{"rendered":"<p>Dane kontaktowe: CPM Micha\u0142 Miotke tel. +48 513 148 645e-mail: kontakt@czteryporymilowania.pl NIP: 588-233-62-87REGON: 360481667 Technika:Mi\u0142osz Zygucki &#8211; d\u017awi\u0119k &#8211; tel.: 507-206-026Micha\u0142 Chojnacki &#8211; \u015bwiat\u0142o &#8211; tel.: 602-465-066<\/p>\n","protected":false},"author":1,"featured_media":0,"parent":0,"menu_order":0,"comment_status":"closed","ping_status":"closed","template":"contact.php","meta":{"_acf_changed":false,"footnotes":""},"class_list":["post-29","page","type-page","status-publish","hentry"],"acf":[],"yoast_head":"<!-- This site is optimized with the Yoast SEO plugin v27.4 - https:\/\/yoast.com\/product\/yoast-seo-wordpress\/ -->\n<title>Kontakt - Cztery Pory Mi\u0142owania<\/title>\n<meta name=\"robots\" content=\"index, follow, max-snippet:-1, max-image-preview:large, max-video-preview:-1\" \/>\n<link rel=\"canonical\" href=\"https:\/\/czteryporymilowania.pl\/?page_id=29\" \/>\n<meta property=\"og:locale\" content=\"pl_PL\" \/>\n<meta property=\"og:type\" content=\"article\" \/>\n<meta property=\"og:title\" content=\"Kontakt - Cztery Pory Mi\u0142owania\" \/>\n<meta property=\"og:description\" content=\"Dane kontaktowe: CPM Micha\u0142 Miotke tel. +48 513 148 645e-mail: kontakt@czteryporymilowania.pl NIP: 588-233-62-87REGON: 360481667 Technika:Mi\u0142osz Zygucki &#8211; d\u017awi\u0119k &#8211; tel.: 507-206-026Micha\u0142 Chojnacki &#8211; \u015bwiat\u0142o &#8211; tel.: 602-465-066\" \/>\n<meta property=\"og:url\" content=\"https:\/\/czteryporymilowania.pl\/?page_id=29\" \/>\n<meta property=\"og:site_name\" content=\"Cztery Pory Mi\u0142owania\" \/>\n<meta property=\"article:modified_time\" content=\"2025-12-15T21:53:30+00:00\" \/>\n<meta name=\"twitter:card\" content=\"summary_large_image\" \/>\n<meta name=\"twitter:label1\" content=\"Szacowany czas czytania\" \/>\n\t<meta name=\"twitter:data1\" content=\"1 minuta\" \/>\n<script type=\"application\/ld+json\" class=\"yoast-schema-graph\">{\"@context\":\"https:\\\/\\\/schema.org\",\"@graph\":[{\"@type\":\"WebPage\",\"@id\":\"https:\\\/\\\/czteryporymilowania.pl\\\/?page_id=29\",\"url\":\"https:\\\/\\\/czteryporymilowania.pl\\\/?page_id=29\",\"name\":\"Kontakt - Cztery Pory Mi\u0142owania\",\"isPartOf\":{\"@id\":\"https:\\\/\\\/czteryporymilowania.pl\\\/#website\"},\"datePublished\":\"2017-07-11T11:23:32+00:00\",\"dateModified\":\"2025-12-15T21:53:30+00:00\",\"breadcrumb\":{\"@id\":\"https:\\\/\\\/czteryporymilowania.pl\\\/?page_id=29#breadcrumb\"},\"inLanguage\":\"pl-PL\",\"potentialAction\":[{\"@type\":\"ReadAction\",\"target\":[\"https:\\\/\\\/czteryporymilowania.pl\\\/?page_id=29\"]}]},{\"@type\":\"BreadcrumbList\",\"@id\":\"https:\\\/\\\/czteryporymilowania.pl\\\/?page_id=29#breadcrumb\",\"itemListElement\":[{\"@type\":\"ListItem\",\"position\":1,\"name\":\"Strona g\u0142\u00f3wna\",\"item\":\"https:\\\/\\\/czteryporymilowania.pl\\\/\"},{\"@type\":\"ListItem\",\"position\":2,\"name\":\"Kontakt\"}]},{\"@type\":\"WebSite\",\"@id\":\"https:\\\/\\\/czteryporymilowania.pl\\\/#website\",\"url\":\"https:\\\/\\\/czteryporymilowania.pl\\\/\",\"name\":\"Cztery Pory Mi\u0142owania\",\"description\":\"Oficjalna strona zespo\u0142u Cztery Pory Mi\u0142owania\",\"publisher\":{\"@id\":\"https:\\\/\\\/czteryporymilowania.pl\\\/#organization\"},\"potentialAction\":[{\"@type\":\"SearchAction\",\"target\":{\"@type\":\"EntryPoint\",\"urlTemplate\":\"https:\\\/\\\/czteryporymilowania.pl\\\/?s={search_term_string}\"},\"query-input\":{\"@type\":\"PropertyValueSpecification\",\"valueRequired\":true,\"valueName\":\"search_term_string\"}}],\"inLanguage\":\"pl-PL\"},{\"@type\":\"Organization\",\"@id\":\"https:\\\/\\\/czteryporymilowania.pl\\\/#organization\",\"name\":\"Cztery Pory Mi\u0142owania\",\"url\":\"https:\\\/\\\/czteryporymilowania.pl\\\/\",\"logo\":{\"@type\":\"ImageObject\",\"inLanguage\":\"pl-PL\",\"@id\":\"https:\\\/\\\/czteryporymilowania.pl\\\/#\\\/schema\\\/logo\\\/image\\\/\",\"url\":\"https:\\\/\\\/czteryporymilowania.pl\\\/wp-content\\\/uploads\\\/2021\\\/06\\\/cropped-209428703_138683461698957_504648459400028346_n.png\",\"contentUrl\":\"https:\\\/\\\/czteryporymilowania.pl\\\/wp-content\\\/uploads\\\/2021\\\/06\\\/cropped-209428703_138683461698957_504648459400028346_n.png\",\"width\":512,\"height\":512,\"caption\":\"Cztery Pory Mi\u0142owania\"},\"image\":{\"@id\":\"https:\\\/\\\/czteryporymilowania.pl\\\/#\\\/schema\\\/logo\\\/image\\\/\"}}]}<\/script>\n<!-- \/ Yoast SEO plugin. -->","yoast_head_json":{"title":"Kontakt - Cztery Pory Mi\u0142owania","robots":{"index":"index","follow":"follow","max-snippet":"max-snippet:-1","max-image-preview":"max-image-preview:large","max-video-preview":"max-video-preview:-1"},"canonical":"https:\/\/czteryporymilowania.pl\/?page_id=29","og_locale":"pl_PL","og_type":"article","og_title":"Kontakt - Cztery Pory Mi\u0142owania","og_description":"Dane kontaktowe: CPM Micha\u0142 Miotke tel. +48 513 148 645e-mail: kontakt@czteryporymilowania.pl NIP: 588-233-62-87REGON: 360481667 Technika:Mi\u0142osz Zygucki &#8211; d\u017awi\u0119k &#8211; tel.: 507-206-026Micha\u0142 Chojnacki &#8211; \u015bwiat\u0142o &#8211; tel.: 602-465-066","og_url":"https:\/\/czteryporymilowania.pl\/?page_id=29","og_site_name":"Cztery Pory Mi\u0142owania","article_modified_time":"2025-12-15T21:53:30+00:00","twitter_card":"summary_large_image","twitter_misc":{"Szacowany czas czytania":"1 minuta"},"schema":{"@context":"https:\/\/schema.org","@graph":[{"@type":"WebPage","@id":"https:\/\/czteryporymilowania.pl\/?page_id=29","url":"https:\/\/czteryporymilowania.pl\/?page_id=29","name":"Kontakt - Cztery Pory Mi\u0142owania","isPartOf":{"@id":"https:\/\/czteryporymilowania.pl\/#website"},"datePublished":"2017-07-11T11:23:32+00:00","dateModified":"2025-12-15T21:53:30+00:00","breadcrumb":{"@id":"https:\/\/czteryporymilowania.pl\/?page_id=29#breadcrumb"},"inLanguage":"pl-PL","potentialAction":[{"@type":"ReadAction","target":["https:\/\/czteryporymilowania.pl\/?page_id=29"]}]},{"@type":"BreadcrumbList","@id":"https:\/\/czteryporymilowania.pl\/?page_id=29#breadcrumb","itemListElement":[{"@type":"ListItem","position":1,"name":"Strona g\u0142\u00f3wna","item":"https:\/\/czteryporymilowania.pl\/"},{"@type":"ListItem","position":2,"name":"Kontakt"}]},{"@type":"WebSite","@id":"https:\/\/czteryporymilowania.pl\/#website","url":"https:\/\/czteryporymilowania.pl\/","name":"Cztery Pory Mi\u0142owania","description":"Oficjalna strona zespo\u0142u Cztery Pory Mi\u0142owania","publisher":{"@id":"https:\/\/czteryporymilowania.pl\/#organization"},"potentialAction":[{"@type":"SearchAction","target":{"@type":"EntryPoint","urlTemplate":"https:\/\/czteryporymilowania.pl\/?s={search_term_string}"},"query-input":{"@type":"PropertyValueSpecification","valueRequired":true,"valueName":"search_term_string"}}],"inLanguage":"pl-PL"},{"@type":"Organization","@id":"https:\/\/czteryporymilowania.pl\/#organization","name":"Cztery Pory Mi\u0142owania","url":"https:\/\/czteryporymilowania.pl\/","logo":{"@type":"ImageObject","inLanguage":"pl-PL","@id":"https:\/\/czteryporymilowania.pl\/#\/schema\/logo\/image\/","url":"https:\/\/czteryporymilowania.pl\/wp-content\/uploads\/2021\/06\/cropped-209428703_138683461698957_504648459400028346_n.png","contentUrl":"https:\/\/czteryporymilowania.pl\/wp-content\/uploads\/2021\/06\/cropped-209428703_138683461698957_504648459400028346_n.png","width":512,"height":512,"caption":"Cztery Pory Mi\u0142owania"},"image":{"@id":"https:\/\/czteryporymilowania.pl\/#\/schema\/logo\/image\/"}}]}},"_links":{"self":[{"href":"https:\/\/czteryporymilowania.pl\/index.php?rest_route=\/wp\/v2\/pages\/29","targetHints":{"allow":["GET"]}}],"collection":[{"href":"https:\/\/czteryporymilowania.pl\/index.php?rest_route=\/wp\/v2\/pages"}],"about":[{"href":"https:\/\/czteryporymilowania.pl\/index.php?rest_route=\/wp\/v2\/types\/page"}],"author":[{"embeddable":true,"href":"https:\/\/czteryporymilowania.pl\/index.php?rest_route=\/wp\/v2\/users\/1"}],"replies":[{"embeddable":true,"href":"https:\/\/czteryporymilowania.pl\/index.php?rest_route=%2Fwp%2Fv2%2Fcomments&post=29"}],"version-history":[{"count":17,"href":"https:\/\/czteryporymilowania.pl\/index.php?rest_route=\/wp\/v2\/pages\/29\/revisions"}],"predecessor-version":[{"id":10341,"href":"https:\/\/czteryporymilowania.pl\/index.php?rest_route=\/wp\/v2\/pages\/29\/revisions\/10341"}],"wp:attachment":[{"href":"https:\/\/czteryporymilowania.pl\/index.php?rest_route=%2Fwp%2Fv2%2Fmedia&parent=29"}],"curies":[{"name":"wp","href":"https:\/\/api.w.org\/{rel}","templated":true}]}}