{"id":984,"date":"2022-01-25T12:54:37","date_gmt":"2022-01-25T12:54:37","guid":{"rendered":"https:\/\/czteryporymilowania.pl\/?page_id=984"},"modified":"2025-08-22T14:14:45","modified_gmt":"2025-08-22T14:14:45","slug":"polityka-prywatnosci","status":"publish","type":"page","link":"https:\/\/czteryporymilowania.pl\/?page_id=984","title":{"rendered":"Polityka prywatno\u015bci"},"content":{"rendered":"<ol>\n<li>CPM Micha\u0142 Miotke z siedzib\u0105 w Wejherowie, przy ul. Rejtana 15\/33, o numerze NIP 588-233-62-87 (dalej Firma), przestrzega zasad prywatno\u015bci os\u00f3b fizycznych korzystaj\u0105cych z serwisu dzia\u0142aj\u0105cego pod adresem https:\/\/czteryporymilowania.pl.<\/li>\n<li>Niniejsze Zasady Prywatno\u015bci maj\u0105 zastosowanie do danych osobowych:\n<ul>\n<li>Klient\u00f3w Sklepu Internetowego (dalej \u201eSklep\u201d), dzia\u0142aj\u0105cego pod adresem https:\/\/czteryporymilowania.pl (tj. os\u00f3b fizycznych, kt\u00f3re uko\u0144czy\u0142y co najmniej 13 rok \u017cycia, przy czym w przypadku nieuko\u0144czenia przez t\u0119 osob\u0119 18 roku \u017cycia, wymagana jest zgoda jej przedstawiciela ustawowego, kt\u00f3ra dokonuje lub zamierza dokona\u0107 zam\u00f3wienia w Sklepie) oraz<\/li>\n<li>innych os\u00f3b fizycznych, kt\u00f3re korzystaj\u0105 z serwisu dzia\u0142aj\u0105cego pod adresem https:\/\/czteryporymilowania.pl, a w szczeg\u00f3lno\u015bci: os\u00f3b fizycznych, kt\u00f3re dokonuj\u0105 jednorazowej lub wielokrotnej wizyty w ramach ww. serwisu, os\u00f3b zainteresowanych zatrudnieniem w Firmie lub kontaktem z Firm\u0105 w jakimkolwiek innym celu (zapytania, komentarze itd.).<\/li>\n<\/ul>\n<\/li>\n<li>Administratorem Danych Osobowych(ADO) Klient\u00f3w Sklepu oraz os\u00f3b korzystaj\u0105cych z serwisu w rozumieniu przepis\u00f3w Ustawy o ochronie danych osobowych jest Firma.<\/li>\n<li>Podanie danych osobowych jest dobrowolne, jednak jest warunkiem zawarcia umowy z Firm\u0105. W razie niepodania danych osobowych przez klienta, nie b\u0119dzie mo\u017cliwe wykonanie umowy. Sklep b\u0119dzie od Pa\u0144stwa zbiera\u0107 nast\u0119puj\u0105ce dane osobowe za po\u015brednictwem Witryny oraz innych form komunikacji, w przypadku dokonywania zakup\u00f3w i procesu rejestracji :\n<ul>\n<li>nazwisko i imi\u0119,<\/li>\n<li>adres do korespondencji,<\/li>\n<li>adres poczty elektronicznej,<\/li>\n<li>numer telefonu.<\/li>\n<\/ul>\n<\/li>\n<li>Dane osobowe b\u0119d\u0105 przetwarzane w zakresie niezb\u0119dnym dla wype\u0142nienia prawnie usprawiedliwionych cel\u00f3w realizowanych przez Firm\u0119, a w szczeg\u00f3lno\u015bci:\n<ul>\n<li>\u015bwiadczenia dost\u0119pnych za jego po\u015brednictwem us\u0142ug,<\/li>\n<li>marketingu us\u0142ug \u015bwiadczonych przez Firm\u0119,<\/li>\n<li>obs\u0142ugi procesu Rejestracji (tj. jednorazowa czynno\u015b\u0107, polegaj\u0105ca na za\u0142o\u017ceniu przez Klienta Konta Klienta, dokonana z wykorzystaniem panelu administracyjnego udost\u0119pnionego przez Us\u0142ugodawc\u0119 na stronie serwisu Sklepu),<\/li>\n<li>logowania do Konta (tj. podstrona serwisu Sklepu, w ramach kt\u00f3rej Klient ma mo\u017cliwo\u015b\u0107 m.in. otrzymywania powiadomie\u0144 o zmianie statusu Produkt\u00f3w, wyra\u017ca\u0107 opinie na temat Produkt\u00f3w oraz kontrolowa\u0107 stan z\u0142o\u017conych przez niego Zam\u00f3wie\u0144),<\/li>\n<li>ewentualnego dochodzenia roszcze\u0144,<\/li>\n<li>zapewnienia sprawnego funkcjonowania Sklepu,<\/li>\n<li>tworzenia wewn\u0119trznych raport\u00f3w i analiz,<\/li>\n<li>tworzenia statystyk ogl\u0105dalno\u015bci podstron serwisu Sklepu,<\/li>\n<li>dostosowania serwisu Sklepu do potrzeb ww. os\u00f3b oraz Klient\u00f3w,<\/li>\n<li>zawarcia i wykonywania Umowy sprzeda\u017cy Produkt\u00f3w (w\u0142\u0105cznie z dostaw\u0105 Produkt\u00f3w) i obs\u0142ugi reklamacji.<\/li>\n<\/ul>\n<\/li>\n<li>Dane osobowe os\u00f3b korzystaj\u0105cych z serwisu, a nie b\u0119d\u0105cych Klientami Sklepu przetwarzane s\u0105 przez Firm\u0119 w celu:\n<ul>\n<li>dostosowania serwisu Sklepu do potrzeb ww. os\u00f3b oraz Klient\u00f3w,<\/li>\n<li>ewentualnego dochodzenia roszcze\u0144,<\/li>\n<li>wyja\u015bnienia okoliczno\u015bci niedozwolonego korzystania z us\u0142ug \u015bwiadczonych drog\u0105 elektroniczn\u0105, a tak\u017ce<\/li>\n<li>tworzenia statystyk ogl\u0105dalno\u015bci podstron ww. serwisu.<\/li>\n<\/ul>\n<\/li>\n<li>Przetwarzanie danych osobowych odbywa si\u0119\u00a0na podstawie Rozporz\u0105dzenia Parlamentu Europejskiego i Rady (UE) 2016\/679 z dnia 27 kwietnia 2016 r. w sprawie ochrony os\u00f3b fizycznych w zwi\u0105zku z przetwarzaniem danych osobowych i w sprawie swobodnego przep\u0142ywu takich danych oraz uchylenia dyrektywy 95\/46\/WE (og\u00f3lne rozporz\u0105dzenie o ochronie danych; Dz. U.UE.L.2016.119.1).<\/li>\n<li>Sp\u00f3\u0142ka zastrzega sobie prawo ujawnienia wybranych informacji dotycz\u0105cych Klienta lub innej osoby fizycznej korzystaj\u0105cej z serwisu w\u0142a\u015bciwym organom b\u0105d\u017a osobom trzecim, kt\u00f3re zg\u0142osz\u0105 \u017c\u0105danie udzielenia takich informacji, w oparciu o odpowiedni\u0105 podstaw\u0119 prawn\u0105 zgodnie z przepisami obowi\u0105zuj\u0105cego prawa.<\/li>\n<li>Informacje dotycz\u0105ce Klienta lub osoby korzystaj\u0105cej z serwisu nie zostan\u0105 ujawnione \u017cadnej osobie trzeciej, bez zgody Klienta.<\/li>\n<li>Dane dotycz\u0105ce Klienta lub innej osoby fizycznej korzystaj\u0105cej z serwisu, w tym dane osobowe, b\u0119d\u0105 przechowywane przez okres nie d\u0142u\u017cszy ni\u017c to jest konieczne w zwi\u0105zku z korzystaniem ze Sklepu lub serwisu oraz wykonywaniem umowy sprzeda\u017cy Produkt\u00f3w (m.in. dochodzenie ewentualnych roszcze\u0144, obs\u0142uga reklamacji i realizacja uprawnie\u0144 konsumenckich), oraz\u00a0przez czas niezb\u0119dny wynikaj\u0105cy z przepis\u00f3w prawa podatkowego,\u00a0a nast\u0119pnie zostan\u0105 usuni\u0119te z systemu.<\/li>\n<li>Ka\u017cdy klient ma prawo do cofni\u0119cia zgody w dowolnym momencie bez wp\u0142ywu na zgodno\u015b\u0107 z prawem przetwarzania, kt\u00f3rego dokonano na podstawie zgody przed jej cofni\u0119ciem.<\/li>\n<li>Ka\u017cdy klient ma prawo wniesienia skargi do organu nadzorczego, o kt\u00f3rym mowa w art. 51 Rozporz\u0105dzenia Parlamentu Europejskiego i Rady (UE) 2016\/679 z dnia 27 kwietnia 2016 r. w sprawie ochrony os\u00f3b fizycznych w zwi\u0105zku z przetwarzaniem danych osobowych i w sprawie swobodnego przep\u0142ywu takich danych oraz uchylenia dyrektywy 95\/46\/WE (og\u00f3lne rozporz\u0105dzenie o ochronie danych; Dz. U.UE.L.2016.119.1).<\/li>\n<li>Ka\u017cdy Klient ma prawo dost\u0119pu do tre\u015bci swoich danych osobowych, prawo ich sprostowania, usuni\u0119cia lub ograniczenia przetwarzania oraz prawo przenoszenia danych. W tym celu nale\u017cy wys\u0142a\u0107 maila na adres kontakt@czteryporymilowania.pl.<\/li>\n<li>Firma informuje, \u017ce z momentem po\u0142\u0105czenia si\u0119 przez Klienta lub inn\u0105 osob\u0119 fizyczn\u0105 z serwisem Sklepu w logach systemowych serwisu Sklepu pojawia si\u0119 informacja o numerze (w tym IP) i rodzaju urz\u0105dzenia ko\u0144cowego Klienta lub innej osoby fizycznej, z kt\u00f3rego Klient lub inna osoba fizyczna \u0142\u0105czy si\u0119 z serwisem Sklepu. Firma informuje, \u017ce b\u0119dzie przetwarza\u0142a, zgodnie z przepisami obowi\u0105zuj\u0105cego na terytorium Rzeczypospolitej Polskiej prawa, r\u00f3wnie\u017c dane dotycz\u0105ce numeru (w tym IP) i rodzaju urz\u0105dzenia ko\u0144cowego Klienta oraz innej osoby fizycznej korzystaj\u0105cej z serwisu Sklepu, a tak\u017ce czasu po\u0142\u0105czenia ww. os\u00f3b z serwisem Sklepu oraz inne dane eksploatacyjne dotycz\u0105ce aktywno\u015bci Klienta lub innej osoby fizycznej w serwisie Sklepu. Dane te przetwarzane s\u0105 w szczeg\u00f3lno\u015bci w celach technicznych oraz do zbierania og\u00f3lnych informacji statystycznych.<\/li>\n<li>Firma wykorzystuje pliki typu cookie w celu gromadzenia informacji zwi\u0105zanych z korzystaniem z serwisu Sklepu przez Klienta lub inn\u0105 osob\u0119 fizyczn\u0105. Pliki W\u0142asne Cookies umo\u017cliwiaj\u0105:\n<ul>\n<li>utrzymanie sesji Klienta (po zalogowaniu), dzi\u0119ki kt\u00f3rej Klient nie musi na ka\u017cdej podstronie serwisu Sklepu ponownie wpisywa\u0107 Loginu i Has\u0142a,<\/li>\n<li>dostosowanie serwisu Sklepu do potrzeb Klient\u00f3w oraz innych os\u00f3b korzystaj\u0105cych z serwisu,<\/li>\n<li>tworzenie statystyk ogl\u0105dalno\u015bci podstron ww. serwisu.<\/li>\n<\/ul>\n<\/li>\n<li>Sp\u00f3\u0142ka wykorzystuje Cookies Zewn\u0119trzne w nast\u0119puj\u0105cych celach:\n<ol>\n<li>Prezentowania tre\u015bci multimedialnych na stronach internetowych Serwisu, kt\u00f3re s\u0105 pobierane z zewn\u0119trznego serwisu internetowego:\n<ul>\n<li>www.youtube.com (administrator cookies: Google Inc z siedzib\u0105 w USA)<\/li>\n<\/ul>\n<\/li>\n<li>Zbierania og\u00f3lnych i anonimowych danych statycznych za po\u015brednictwem narz\u0119dzi analitycznych:\n<ul>\n<li>Google Analytics (administrator cookies: Google Inc z siedzib\u0105 w USA)<\/li>\n<\/ul>\n<\/li>\n<\/ol>\n<\/li>\n<li>Sp\u00f3\u0142ka mo\u017ce zamie\u015bci\u0107, lub zezwoli\u0107 podmiotowi zewn\u0119trznemu na zamieszczenie plik\u00f3w cookies na urz\u0105dzeniu Klienta w celu zapewnienia prawid\u0142owego funkcjonowania strony internetowej oraz w celu tworzenia anonimowych, zagregowanych statystyk, kt\u00f3re pomagaj\u0105 zrozumie\u0107 w jaki spos\u00f3b u\u017cytkownik korzysta ze stron internetowych co umo\u017cliwia ulepszanie ich struktury i zawarto\u015bci, z wy\u0142\u0105czeniem personalnej identyfikacji u\u017cytkownika. Z uwagi na aktywowan\u0105 na naszej stronie anonimizacj\u0119 IP, Pa\u0144stwa adres IP jest przed przekazaniem dalej skracany w obr\u0119bie pa\u0144stw cz\u0142onkowskich Unii Europejskiej lub w innych pa\u0144stwach b\u0119d\u0105cych stron\u0105 Porozumienia o Europejskim Obszarze Gospodarczym. Anonimizowany adres IP przekazany przez Pa\u0144stwa przegl\u0105dark\u0119 w ramach Google Analytics nie jest \u0142\u0105czony z innymi danymi Google.<\/li>\n<li>Klient mo\u017ce ustawi\u0107 swoj\u0105 przegl\u0105dark\u0119 w taki spos\u00f3b, aby pliki cookies nie zapisywa\u0142y si\u0119 na jego dysku, albo automatycznie usuwa\u0142y w okre\u015blonym czasie. Ustawienia mog\u0105 zosta\u0107 zmienione w taki spos\u00f3b, aby blokowa\u0107 automatyczn\u0105 obs\u0142ug\u0119 plik\u00f3w cookies w ustawieniach przegl\u0105darki internetowej b\u0105d\u017a informowa\u0107 o ich ka\u017cdorazowym przes\u0142aniu na urz\u0105dzenie u\u017cytkownika. Ograniczenie stosowania plik\u00f3w \u201ecookies\u201d, mo\u017ce wp\u0142yn\u0105\u0107 na niekt\u00f3re funkcjonalno\u015bci dost\u0119pne na stronie internetowej.<\/li>\n<li>Je\u017celi Klient umieszcza w serwisie Sklepu jakiekolwiek dane osobowe innych os\u00f3b (w tym ich imi\u0119 i nazwisko, adres, numer telefonu lub adres e-mail), mo\u017ce to uczyni\u0107 jedynie pod warunkiem nienaruszenia przepis\u00f3w obowi\u0105zuj\u0105cego prawa i d\u00f3br osobistych tych os\u00f3b.<\/li>\n<li>Firma o\u015bwiadcza, i\u017c nie stosuje zautomatyzowanego przetwarzania danych osobowych, kt\u00f3re polega na wykorzystaniu danych osobowych do oceny niekt\u00f3rych czynnik\u00f3w osobowych osoby fizycznej, w szczeg\u00f3lno\u015bci do analizy lub prognozy aspekt\u00f3w dotycz\u0105cych sytuacji ekonomicznej tej osoby fizycznej, zdrowia, osobistych preferencji, zainteresowa\u0144, wiarygodno\u015bci, zachowania, lokalizacji lub przemieszczania si\u0119.<\/li>\n<li>Firma o\u015bwiadcza, i\u017c do\u0142o\u017cy stara\u0144, aby zapewni\u0107 Klientom oraz innym osobom fizycznym wysoki poziom bezpiecze\u0144stwa w zakresie korzystania z serwisu Sklepu. Wszelkie zdarzenia maj\u0105ce wp\u0142yw na bezpiecze\u0144stwo przekazu informacji, w tym r\u00f3wnie\u017c dotycz\u0105ce podejrzenia udost\u0119pniania plik\u00f3w zawieraj\u0105cych wirusy i innych plik\u00f3w o podobnym charakterze lub innych ani\u017celi pliki tre\u015bci o podobnym charakterze, nale\u017cy zg\u0142asza\u0107 Sp\u00f3\u0142ce na konto e-mail: kontakt@czteryporymilowania.pl<\/li>\n<li>Jednocze\u015bnie Firma o\u015bwiadcza, \u017ce stosowane przy ochronie serwisu Sklepu nowoczesne techniki zabezpieczenia Kont i dost\u0119pu do danych s\u0142u\u017c\u0105 zapewnieniu jak najwy\u017cszego poziomu bezpiecze\u0144stwa, jednak ze wzgl\u0119d\u00f3w technicznych nie mog\u0105 gwarantowa\u0107 w pe\u0142ni tajemnicy sk\u0142adowanych i przesy\u0142anych informacji.<\/li>\n<li>Klient uprawniony jest do korzystania z danych udost\u0119pnionych przez innych Klient\u00f3w Sklepu wy\u0142\u0105cznie w zwi\u0105zku z korzystaniem ze Sklepu oraz za ich zgod\u0105 w spos\u00f3b zgodny z przepisami obowi\u0105zuj\u0105cego prawa, chyba \u017ce uzyska zgod\u0119 od tych Klient\u00f3w na przetwarzanie ich danych w zakresie lub celu wykraczaj\u0105cym poza korzystanie ze Sklepu.<\/li>\n<\/ol>\n","protected":false},"excerpt":{"rendered":"<p>CPM Micha\u0142 Miotke z siedzib\u0105 w Wejherowie, przy ul. Rejtana 15\/33, o numerze NIP 588-233-62-87 (dalej Firma), przestrzega zasad prywatno\u015bci os\u00f3b fizycznych korzystaj\u0105cych z serwisu dzia\u0142aj\u0105cego pod adresem https:\/\/czteryporymilowania.pl. Niniejsze Zasady Prywatno\u015bci maj\u0105 zastosowanie do danych osobowych: Klient\u00f3w Sklepu Internetowego (dalej \u201eSklep\u201d), dzia\u0142aj\u0105cego pod adresem https:\/\/czteryporymilowania.pl (tj. os\u00f3b fizycznych, kt\u00f3re uko\u0144czy\u0142y co najmniej 13 rok [&hellip;]<\/p>\n","protected":false},"author":1,"featured_media":0,"parent":0,"menu_order":0,"comment_status":"closed","ping_status":"closed","template":"","meta":{"_acf_changed":false,"footnotes":""},"class_list":["post-984","page","type-page","status-publish","hentry"],"acf":[],"yoast_head":"<!-- This site is optimized with the Yoast SEO plugin v27.4 - https:\/\/yoast.com\/product\/yoast-seo-wordpress\/ -->\n<title>Polityka prywatno\u015bci - Cztery Pory Mi\u0142owania<\/title>\n<meta name=\"robots\" content=\"index, follow, max-snippet:-1, max-image-preview:large, max-video-preview:-1\" \/>\n<link rel=\"canonical\" href=\"https:\/\/czteryporymilowania.pl\/?page_id=984\" \/>\n<meta property=\"og:locale\" content=\"pl_PL\" \/>\n<meta property=\"og:type\" content=\"article\" \/>\n<meta property=\"og:title\" content=\"Polityka prywatno\u015bci - Cztery Pory Mi\u0142owania\" \/>\n<meta property=\"og:description\" content=\"CPM Micha\u0142 Miotke z siedzib\u0105 w Wejherowie, przy ul. Rejtana 15\/33, o numerze NIP 588-233-62-87 (dalej Firma), przestrzega zasad prywatno\u015bci os\u00f3b fizycznych korzystaj\u0105cych z serwisu dzia\u0142aj\u0105cego pod adresem https:\/\/czteryporymilowania.pl. Niniejsze Zasady Prywatno\u015bci maj\u0105 zastosowanie do danych osobowych: Klient\u00f3w Sklepu Internetowego (dalej \u201eSklep\u201d), dzia\u0142aj\u0105cego pod adresem https:\/\/czteryporymilowania.pl (tj. os\u00f3b fizycznych, kt\u00f3re uko\u0144czy\u0142y co najmniej 13 rok [&hellip;]\" \/>\n<meta property=\"og:url\" content=\"https:\/\/czteryporymilowania.pl\/?page_id=984\" \/>\n<meta property=\"og:site_name\" content=\"Cztery Pory Mi\u0142owania\" \/>\n<meta property=\"article:modified_time\" content=\"2025-08-22T14:14:45+00:00\" \/>\n<meta name=\"twitter:card\" content=\"summary_large_image\" \/>\n<meta name=\"twitter:label1\" content=\"Szacowany czas czytania\" \/>\n\t<meta name=\"twitter:data1\" content=\"8 minut\" \/>\n<script type=\"application\/ld+json\" class=\"yoast-schema-graph\">{\"@context\":\"https:\\\/\\\/schema.org\",\"@graph\":[{\"@type\":\"WebPage\",\"@id\":\"https:\\\/\\\/czteryporymilowania.pl\\\/?page_id=984\",\"url\":\"https:\\\/\\\/czteryporymilowania.pl\\\/?page_id=984\",\"name\":\"Polityka prywatno\u015bci - Cztery Pory Mi\u0142owania\",\"isPartOf\":{\"@id\":\"https:\\\/\\\/czteryporymilowania.pl\\\/#website\"},\"datePublished\":\"2022-01-25T12:54:37+00:00\",\"dateModified\":\"2025-08-22T14:14:45+00:00\",\"breadcrumb\":{\"@id\":\"https:\\\/\\\/czteryporymilowania.pl\\\/?page_id=984#breadcrumb\"},\"inLanguage\":\"pl-PL\",\"potentialAction\":[{\"@type\":\"ReadAction\",\"target\":[\"https:\\\/\\\/czteryporymilowania.pl\\\/?page_id=984\"]}]},{\"@type\":\"BreadcrumbList\",\"@id\":\"https:\\\/\\\/czteryporymilowania.pl\\\/?page_id=984#breadcrumb\",\"itemListElement\":[{\"@type\":\"ListItem\",\"position\":1,\"name\":\"Strona g\u0142\u00f3wna\",\"item\":\"https:\\\/\\\/czteryporymilowania.pl\\\/\"},{\"@type\":\"ListItem\",\"position\":2,\"name\":\"Polityka prywatno\u015bci\"}]},{\"@type\":\"WebSite\",\"@id\":\"https:\\\/\\\/czteryporymilowania.pl\\\/#website\",\"url\":\"https:\\\/\\\/czteryporymilowania.pl\\\/\",\"name\":\"Cztery Pory Mi\u0142owania\",\"description\":\"Oficjalna strona zespo\u0142u Cztery Pory Mi\u0142owania\",\"publisher\":{\"@id\":\"https:\\\/\\\/czteryporymilowania.pl\\\/#organization\"},\"potentialAction\":[{\"@type\":\"SearchAction\",\"target\":{\"@type\":\"EntryPoint\",\"urlTemplate\":\"https:\\\/\\\/czteryporymilowania.pl\\\/?s={search_term_string}\"},\"query-input\":{\"@type\":\"PropertyValueSpecification\",\"valueRequired\":true,\"valueName\":\"search_term_string\"}}],\"inLanguage\":\"pl-PL\"},{\"@type\":\"Organization\",\"@id\":\"https:\\\/\\\/czteryporymilowania.pl\\\/#organization\",\"name\":\"Cztery Pory Mi\u0142owania\",\"url\":\"https:\\\/\\\/czteryporymilowania.pl\\\/\",\"logo\":{\"@type\":\"ImageObject\",\"inLanguage\":\"pl-PL\",\"@id\":\"https:\\\/\\\/czteryporymilowania.pl\\\/#\\\/schema\\\/logo\\\/image\\\/\",\"url\":\"https:\\\/\\\/czteryporymilowania.pl\\\/wp-content\\\/uploads\\\/2021\\\/06\\\/cropped-209428703_138683461698957_504648459400028346_n.png\",\"contentUrl\":\"https:\\\/\\\/czteryporymilowania.pl\\\/wp-content\\\/uploads\\\/2021\\\/06\\\/cropped-209428703_138683461698957_504648459400028346_n.png\",\"width\":512,\"height\":512,\"caption\":\"Cztery Pory Mi\u0142owania\"},\"image\":{\"@id\":\"https:\\\/\\\/czteryporymilowania.pl\\\/#\\\/schema\\\/logo\\\/image\\\/\"}}]}<\/script>\n<!-- \/ Yoast SEO plugin. -->","yoast_head_json":{"title":"Polityka prywatno\u015bci - Cztery Pory Mi\u0142owania","robots":{"index":"index","follow":"follow","max-snippet":"max-snippet:-1","max-image-preview":"max-image-preview:large","max-video-preview":"max-video-preview:-1"},"canonical":"https:\/\/czteryporymilowania.pl\/?page_id=984","og_locale":"pl_PL","og_type":"article","og_title":"Polityka prywatno\u015bci - Cztery Pory Mi\u0142owania","og_description":"CPM Micha\u0142 Miotke z siedzib\u0105 w Wejherowie, przy ul. Rejtana 15\/33, o numerze NIP 588-233-62-87 (dalej Firma), przestrzega zasad prywatno\u015bci os\u00f3b fizycznych korzystaj\u0105cych z serwisu dzia\u0142aj\u0105cego pod adresem https:\/\/czteryporymilowania.pl. Niniejsze Zasady Prywatno\u015bci maj\u0105 zastosowanie do danych osobowych: Klient\u00f3w Sklepu Internetowego (dalej \u201eSklep\u201d), dzia\u0142aj\u0105cego pod adresem https:\/\/czteryporymilowania.pl (tj. os\u00f3b fizycznych, kt\u00f3re uko\u0144czy\u0142y co najmniej 13 rok [&hellip;]","og_url":"https:\/\/czteryporymilowania.pl\/?page_id=984","og_site_name":"Cztery Pory Mi\u0142owania","article_modified_time":"2025-08-22T14:14:45+00:00","twitter_card":"summary_large_image","twitter_misc":{"Szacowany czas czytania":"8 minut"},"schema":{"@context":"https:\/\/schema.org","@graph":[{"@type":"WebPage","@id":"https:\/\/czteryporymilowania.pl\/?page_id=984","url":"https:\/\/czteryporymilowania.pl\/?page_id=984","name":"Polityka prywatno\u015bci - Cztery Pory Mi\u0142owania","isPartOf":{"@id":"https:\/\/czteryporymilowania.pl\/#website"},"datePublished":"2022-01-25T12:54:37+00:00","dateModified":"2025-08-22T14:14:45+00:00","breadcrumb":{"@id":"https:\/\/czteryporymilowania.pl\/?page_id=984#breadcrumb"},"inLanguage":"pl-PL","potentialAction":[{"@type":"ReadAction","target":["https:\/\/czteryporymilowania.pl\/?page_id=984"]}]},{"@type":"BreadcrumbList","@id":"https:\/\/czteryporymilowania.pl\/?page_id=984#breadcrumb","itemListElement":[{"@type":"ListItem","position":1,"name":"Strona g\u0142\u00f3wna","item":"https:\/\/czteryporymilowania.pl\/"},{"@type":"ListItem","position":2,"name":"Polityka prywatno\u015bci"}]},{"@type":"WebSite","@id":"https:\/\/czteryporymilowania.pl\/#website","url":"https:\/\/czteryporymilowania.pl\/","name":"Cztery Pory Mi\u0142owania","description":"Oficjalna strona zespo\u0142u Cztery Pory Mi\u0142owania","publisher":{"@id":"https:\/\/czteryporymilowania.pl\/#organization"},"potentialAction":[{"@type":"SearchAction","target":{"@type":"EntryPoint","urlTemplate":"https:\/\/czteryporymilowania.pl\/?s={search_term_string}"},"query-input":{"@type":"PropertyValueSpecification","valueRequired":true,"valueName":"search_term_string"}}],"inLanguage":"pl-PL"},{"@type":"Organization","@id":"https:\/\/czteryporymilowania.pl\/#organization","name":"Cztery Pory Mi\u0142owania","url":"https:\/\/czteryporymilowania.pl\/","logo":{"@type":"ImageObject","inLanguage":"pl-PL","@id":"https:\/\/czteryporymilowania.pl\/#\/schema\/logo\/image\/","url":"https:\/\/czteryporymilowania.pl\/wp-content\/uploads\/2021\/06\/cropped-209428703_138683461698957_504648459400028346_n.png","contentUrl":"https:\/\/czteryporymilowania.pl\/wp-content\/uploads\/2021\/06\/cropped-209428703_138683461698957_504648459400028346_n.png","width":512,"height":512,"caption":"Cztery Pory Mi\u0142owania"},"image":{"@id":"https:\/\/czteryporymilowania.pl\/#\/schema\/logo\/image\/"}}]}},"_links":{"self":[{"href":"https:\/\/czteryporymilowania.pl\/index.php?rest_route=\/wp\/v2\/pages\/984","targetHints":{"allow":["GET"]}}],"collection":[{"href":"https:\/\/czteryporymilowania.pl\/index.php?rest_route=\/wp\/v2\/pages"}],"about":[{"href":"https:\/\/czteryporymilowania.pl\/index.php?rest_route=\/wp\/v2\/types\/page"}],"author":[{"embeddable":true,"href":"https:\/\/czteryporymilowania.pl\/index.php?rest_route=\/wp\/v2\/users\/1"}],"replies":[{"embeddable":true,"href":"https:\/\/czteryporymilowania.pl\/index.php?rest_route=%2Fwp%2Fv2%2Fcomments&post=984"}],"version-history":[{"count":4,"href":"https:\/\/czteryporymilowania.pl\/index.php?rest_route=\/wp\/v2\/pages\/984\/revisions"}],"predecessor-version":[{"id":9534,"href":"https:\/\/czteryporymilowania.pl\/index.php?rest_route=\/wp\/v2\/pages\/984\/revisions\/9534"}],"wp:attachment":[{"href":"https:\/\/czteryporymilowania.pl\/index.php?rest_route=%2Fwp%2Fv2%2Fmedia&parent=984"}],"curies":[{"name":"wp","href":"https:\/\/api.w.org\/{rel}","templated":true}]}}