{"id":10509,"date":"2026-02-11T10:19:52","date_gmt":"2026-02-11T10:19:52","guid":{"rendered":"https:\/\/czteryporymilowania.pl\/?post_type=product&#038;p=10509"},"modified":"2026-02-11T10:42:12","modified_gmt":"2026-02-11T10:42:12","slug":"magnes-cztery-pory-milowania","status":"publish","type":"product","link":"https:\/\/czteryporymilowania.pl\/?product=magnes-cztery-pory-milowania","title":{"rendered":"Magnes Cztery Pory Mi\u0142owania &#8211; \u00d85,5cm"},"content":{"rendered":"<p>NOWO\u015a\u0106 w Cztery Pory Mi\u0142owania!<\/p>\n<p>Magnes ceramiczny o \u015brednicy ok. 5,5 cm. Magnes to wyj\u0105tkowe r\u0119kodzie\u0142o, a wi\u0119c poszczeg\u00f3lne egzemplarze mog\u0105 si\u0119 nieznacznie r\u00f3\u017cni\u0107. Zaprojektowane i wykonane z my\u015bl\u0105 o wszystkich, kt\u00f3rzy ceni\u0105 elegancj\u0119 i jako\u015b\u0107.<\/p>\n","protected":false},"excerpt":{"rendered":"<p>NOWO\u015a\u0106 w Cztery Pory Mi\u0142owania! Magnes ceramiczny o \u015brednicy ok. 5,5 cm. Magnes to wyj\u0105tkowe r\u0119kodzie\u0142o, a wi\u0119c poszczeg\u00f3lne egzemplarze mog\u0105 si\u0119 nieznacznie r\u00f3\u017cni\u0107. Zaprojektowane i wykonane z my\u015bl\u0105 o wszystkich, kt\u00f3rzy ceni\u0105 elegancj\u0119 i jako\u015b\u0107.<\/p>\n","protected":false},"featured_media":10510,"comment_status":"open","ping_status":"closed","template":"","meta":{"_acf_changed":false},"product_brand":[],"product_cat":[42],"product_tag":[],"class_list":{"0":"post-10509","1":"product","2":"type-product","3":"status-publish","4":"has-post-thumbnail","6":"product_cat-gadzety","8":"first","9":"instock","10":"taxable","11":"shipping-taxable","12":"purchasable","13":"product-type-simple"},"acf":[],"yoast_head":"<!-- This site is optimized with the Yoast SEO plugin v27.4 - https:\/\/yoast.com\/product\/yoast-seo-wordpress\/ -->\n<title>Magnes Cztery Pory Mi\u0142owania - \u00d85,5cm - Cztery Pory Mi\u0142owania<\/title>\n<meta name=\"robots\" content=\"index, follow, max-snippet:-1, max-image-preview:large, max-video-preview:-1\" \/>\n<link rel=\"canonical\" href=\"https:\/\/czteryporymilowania.pl\/produkt\/magnes-cztery-pory-milowania\/\" \/>\n<meta property=\"og:locale\" content=\"pl_PL\" \/>\n<meta property=\"og:type\" content=\"article\" \/>\n<meta property=\"og:title\" content=\"Magnes Cztery Pory Mi\u0142owania - \u00d85,5cm - Cztery Pory Mi\u0142owania\" \/>\n<meta property=\"og:description\" content=\"NOWO\u015a\u0106 w Cztery Pory Mi\u0142owania! Magnes ceramiczny o \u015brednicy ok. 5,5 cm. Magnes to wyj\u0105tkowe r\u0119kodzie\u0142o, a wi\u0119c poszczeg\u00f3lne egzemplarze mog\u0105 si\u0119 nieznacznie r\u00f3\u017cni\u0107. Zaprojektowane i wykonane z my\u015bl\u0105 o wszystkich, kt\u00f3rzy ceni\u0105 elegancj\u0119 i jako\u015b\u0107.\" \/>\n<meta property=\"og:url\" content=\"https:\/\/czteryporymilowania.pl\/produkt\/magnes-cztery-pory-milowania\/\" \/>\n<meta property=\"og:site_name\" content=\"Cztery Pory Mi\u0142owania\" \/>\n<meta property=\"article:modified_time\" content=\"2026-02-11T10:42:12+00:00\" \/>\n<meta property=\"og:image\" content=\"https:\/\/czteryporymilowania.pl\/wp-content\/uploads\/2026\/02\/IMG_9338-scaled.jpg\" \/>\n\t<meta property=\"og:image:width\" content=\"2560\" \/>\n\t<meta property=\"og:image:height\" content=\"1707\" \/>\n\t<meta property=\"og:image:type\" content=\"image\/jpeg\" \/>\n<meta name=\"twitter:card\" content=\"summary_large_image\" \/>\n<meta name=\"twitter:label1\" content=\"Szacowany czas czytania\" \/>\n\t<meta name=\"twitter:data1\" content=\"1 minuta\" \/>\n<script type=\"application\/ld+json\" class=\"yoast-schema-graph\">{\"@context\":\"https:\\\/\\\/schema.org\",\"@graph\":[{\"@type\":\"WebPage\",\"@id\":\"https:\\\/\\\/czteryporymilowania.pl\\\/produkt\\\/magnes-cztery-pory-milowania\\\/\",\"url\":\"https:\\\/\\\/czteryporymilowania.pl\\\/produkt\\\/magnes-cztery-pory-milowania\\\/\",\"name\":\"Magnes Cztery Pory Mi\u0142owania - \u00d85,5cm - Cztery Pory Mi\u0142owania\",\"isPartOf\":{\"@id\":\"https:\\\/\\\/czteryporymilowania.pl\\\/#website\"},\"primaryImageOfPage\":{\"@id\":\"https:\\\/\\\/czteryporymilowania.pl\\\/produkt\\\/magnes-cztery-pory-milowania\\\/#primaryimage\"},\"image\":{\"@id\":\"https:\\\/\\\/czteryporymilowania.pl\\\/produkt\\\/magnes-cztery-pory-milowania\\\/#primaryimage\"},\"thumbnailUrl\":\"https:\\\/\\\/czteryporymilowania.pl\\\/wp-content\\\/uploads\\\/2026\\\/02\\\/IMG_9338-scaled.jpg\",\"datePublished\":\"2026-02-11T10:19:52+00:00\",\"dateModified\":\"2026-02-11T10:42:12+00:00\",\"breadcrumb\":{\"@id\":\"https:\\\/\\\/czteryporymilowania.pl\\\/produkt\\\/magnes-cztery-pory-milowania\\\/#breadcrumb\"},\"inLanguage\":\"pl-PL\",\"potentialAction\":[{\"@type\":\"ReadAction\",\"target\":[\"https:\\\/\\\/czteryporymilowania.pl\\\/produkt\\\/magnes-cztery-pory-milowania\\\/\"]}]},{\"@type\":\"ImageObject\",\"inLanguage\":\"pl-PL\",\"@id\":\"https:\\\/\\\/czteryporymilowania.pl\\\/produkt\\\/magnes-cztery-pory-milowania\\\/#primaryimage\",\"url\":\"https:\\\/\\\/czteryporymilowania.pl\\\/wp-content\\\/uploads\\\/2026\\\/02\\\/IMG_9338-scaled.jpg\",\"contentUrl\":\"https:\\\/\\\/czteryporymilowania.pl\\\/wp-content\\\/uploads\\\/2026\\\/02\\\/IMG_9338-scaled.jpg\",\"width\":2560,\"height\":1707},{\"@type\":\"BreadcrumbList\",\"@id\":\"https:\\\/\\\/czteryporymilowania.pl\\\/produkt\\\/magnes-cztery-pory-milowania\\\/#breadcrumb\",\"itemListElement\":[{\"@type\":\"ListItem\",\"position\":1,\"name\":\"Strona g\u0142\u00f3wna\",\"item\":\"https:\\\/\\\/czteryporymilowania.pl\\\/\"},{\"@type\":\"ListItem\",\"position\":2,\"name\":\"Sklep\",\"item\":\"https:\\\/\\\/czteryporymilowania.pl\\\/?page_id=221\"},{\"@type\":\"ListItem\",\"position\":3,\"name\":\"Magnes Cztery Pory Mi\u0142owania &#8211; \u00d85,5cm\"}]},{\"@type\":\"WebSite\",\"@id\":\"https:\\\/\\\/czteryporymilowania.pl\\\/#website\",\"url\":\"https:\\\/\\\/czteryporymilowania.pl\\\/\",\"name\":\"Cztery Pory Mi\u0142owania\",\"description\":\"Oficjalna strona zespo\u0142u Cztery Pory Mi\u0142owania\",\"publisher\":{\"@id\":\"https:\\\/\\\/czteryporymilowania.pl\\\/#organization\"},\"potentialAction\":[{\"@type\":\"SearchAction\",\"target\":{\"@type\":\"EntryPoint\",\"urlTemplate\":\"https:\\\/\\\/czteryporymilowania.pl\\\/?s={search_term_string}\"},\"query-input\":{\"@type\":\"PropertyValueSpecification\",\"valueRequired\":true,\"valueName\":\"search_term_string\"}}],\"inLanguage\":\"pl-PL\"},{\"@type\":\"Organization\",\"@id\":\"https:\\\/\\\/czteryporymilowania.pl\\\/#organization\",\"name\":\"Cztery Pory Mi\u0142owania\",\"url\":\"https:\\\/\\\/czteryporymilowania.pl\\\/\",\"logo\":{\"@type\":\"ImageObject\",\"inLanguage\":\"pl-PL\",\"@id\":\"https:\\\/\\\/czteryporymilowania.pl\\\/#\\\/schema\\\/logo\\\/image\\\/\",\"url\":\"https:\\\/\\\/czteryporymilowania.pl\\\/wp-content\\\/uploads\\\/2021\\\/06\\\/cropped-209428703_138683461698957_504648459400028346_n.png\",\"contentUrl\":\"https:\\\/\\\/czteryporymilowania.pl\\\/wp-content\\\/uploads\\\/2021\\\/06\\\/cropped-209428703_138683461698957_504648459400028346_n.png\",\"width\":512,\"height\":512,\"caption\":\"Cztery Pory Mi\u0142owania\"},\"image\":{\"@id\":\"https:\\\/\\\/czteryporymilowania.pl\\\/#\\\/schema\\\/logo\\\/image\\\/\"}}]}<\/script>\n<!-- \/ Yoast SEO plugin. -->","yoast_head_json":{"title":"Magnes Cztery Pory Mi\u0142owania - \u00d85,5cm - Cztery Pory Mi\u0142owania","robots":{"index":"index","follow":"follow","max-snippet":"max-snippet:-1","max-image-preview":"max-image-preview:large","max-video-preview":"max-video-preview:-1"},"canonical":"https:\/\/czteryporymilowania.pl\/produkt\/magnes-cztery-pory-milowania\/","og_locale":"pl_PL","og_type":"article","og_title":"Magnes Cztery Pory Mi\u0142owania - \u00d85,5cm - Cztery Pory Mi\u0142owania","og_description":"NOWO\u015a\u0106 w Cztery Pory Mi\u0142owania! Magnes ceramiczny o \u015brednicy ok. 5,5 cm. Magnes to wyj\u0105tkowe r\u0119kodzie\u0142o, a wi\u0119c poszczeg\u00f3lne egzemplarze mog\u0105 si\u0119 nieznacznie r\u00f3\u017cni\u0107. Zaprojektowane i wykonane z my\u015bl\u0105 o wszystkich, kt\u00f3rzy ceni\u0105 elegancj\u0119 i jako\u015b\u0107.","og_url":"https:\/\/czteryporymilowania.pl\/produkt\/magnes-cztery-pory-milowania\/","og_site_name":"Cztery Pory Mi\u0142owania","article_modified_time":"2026-02-11T10:42:12+00:00","og_image":[{"width":2560,"height":1707,"url":"https:\/\/czteryporymilowania.pl\/wp-content\/uploads\/2026\/02\/IMG_9338-scaled.jpg","type":"image\/jpeg"}],"twitter_card":"summary_large_image","twitter_misc":{"Szacowany czas czytania":"1 minuta"},"schema":{"@context":"https:\/\/schema.org","@graph":[{"@type":"WebPage","@id":"https:\/\/czteryporymilowania.pl\/produkt\/magnes-cztery-pory-milowania\/","url":"https:\/\/czteryporymilowania.pl\/produkt\/magnes-cztery-pory-milowania\/","name":"Magnes Cztery Pory Mi\u0142owania - \u00d85,5cm - Cztery Pory Mi\u0142owania","isPartOf":{"@id":"https:\/\/czteryporymilowania.pl\/#website"},"primaryImageOfPage":{"@id":"https:\/\/czteryporymilowania.pl\/produkt\/magnes-cztery-pory-milowania\/#primaryimage"},"image":{"@id":"https:\/\/czteryporymilowania.pl\/produkt\/magnes-cztery-pory-milowania\/#primaryimage"},"thumbnailUrl":"https:\/\/czteryporymilowania.pl\/wp-content\/uploads\/2026\/02\/IMG_9338-scaled.jpg","datePublished":"2026-02-11T10:19:52+00:00","dateModified":"2026-02-11T10:42:12+00:00","breadcrumb":{"@id":"https:\/\/czteryporymilowania.pl\/produkt\/magnes-cztery-pory-milowania\/#breadcrumb"},"inLanguage":"pl-PL","potentialAction":[{"@type":"ReadAction","target":["https:\/\/czteryporymilowania.pl\/produkt\/magnes-cztery-pory-milowania\/"]}]},{"@type":"ImageObject","inLanguage":"pl-PL","@id":"https:\/\/czteryporymilowania.pl\/produkt\/magnes-cztery-pory-milowania\/#primaryimage","url":"https:\/\/czteryporymilowania.pl\/wp-content\/uploads\/2026\/02\/IMG_9338-scaled.jpg","contentUrl":"https:\/\/czteryporymilowania.pl\/wp-content\/uploads\/2026\/02\/IMG_9338-scaled.jpg","width":2560,"height":1707},{"@type":"BreadcrumbList","@id":"https:\/\/czteryporymilowania.pl\/produkt\/magnes-cztery-pory-milowania\/#breadcrumb","itemListElement":[{"@type":"ListItem","position":1,"name":"Strona g\u0142\u00f3wna","item":"https:\/\/czteryporymilowania.pl\/"},{"@type":"ListItem","position":2,"name":"Sklep","item":"https:\/\/czteryporymilowania.pl\/?page_id=221"},{"@type":"ListItem","position":3,"name":"Magnes Cztery Pory Mi\u0142owania &#8211; \u00d85,5cm"}]},{"@type":"WebSite","@id":"https:\/\/czteryporymilowania.pl\/#website","url":"https:\/\/czteryporymilowania.pl\/","name":"Cztery Pory Mi\u0142owania","description":"Oficjalna strona zespo\u0142u Cztery Pory Mi\u0142owania","publisher":{"@id":"https:\/\/czteryporymilowania.pl\/#organization"},"potentialAction":[{"@type":"SearchAction","target":{"@type":"EntryPoint","urlTemplate":"https:\/\/czteryporymilowania.pl\/?s={search_term_string}"},"query-input":{"@type":"PropertyValueSpecification","valueRequired":true,"valueName":"search_term_string"}}],"inLanguage":"pl-PL"},{"@type":"Organization","@id":"https:\/\/czteryporymilowania.pl\/#organization","name":"Cztery Pory Mi\u0142owania","url":"https:\/\/czteryporymilowania.pl\/","logo":{"@type":"ImageObject","inLanguage":"pl-PL","@id":"https:\/\/czteryporymilowania.pl\/#\/schema\/logo\/image\/","url":"https:\/\/czteryporymilowania.pl\/wp-content\/uploads\/2021\/06\/cropped-209428703_138683461698957_504648459400028346_n.png","contentUrl":"https:\/\/czteryporymilowania.pl\/wp-content\/uploads\/2021\/06\/cropped-209428703_138683461698957_504648459400028346_n.png","width":512,"height":512,"caption":"Cztery Pory Mi\u0142owania"},"image":{"@id":"https:\/\/czteryporymilowania.pl\/#\/schema\/logo\/image\/"}}]}},"_links":{"self":[{"href":"https:\/\/czteryporymilowania.pl\/index.php?rest_route=\/wp\/v2\/product\/10509","targetHints":{"allow":["GET"]}}],"collection":[{"href":"https:\/\/czteryporymilowania.pl\/index.php?rest_route=\/wp\/v2\/product"}],"about":[{"href":"https:\/\/czteryporymilowania.pl\/index.php?rest_route=\/wp\/v2\/types\/product"}],"replies":[{"embeddable":true,"href":"https:\/\/czteryporymilowania.pl\/index.php?rest_route=%2Fwp%2Fv2%2Fcomments&post=10509"}],"wp:featuredmedia":[{"embeddable":true,"href":"https:\/\/czteryporymilowania.pl\/index.php?rest_route=\/wp\/v2\/media\/10510"}],"wp:attachment":[{"href":"https:\/\/czteryporymilowania.pl\/index.php?rest_route=%2Fwp%2Fv2%2Fmedia&parent=10509"}],"wp:term":[{"taxonomy":"product_brand","embeddable":true,"href":"https:\/\/czteryporymilowania.pl\/index.php?rest_route=%2Fwp%2Fv2%2Fproduct_brand&post=10509"},{"taxonomy":"product_cat","embeddable":true,"href":"https:\/\/czteryporymilowania.pl\/index.php?rest_route=%2Fwp%2Fv2%2Fproduct_cat&post=10509"},{"taxonomy":"product_tag","embeddable":true,"href":"https:\/\/czteryporymilowania.pl\/index.php?rest_route=%2Fwp%2Fv2%2Fproduct_tag&post=10509"}],"curies":[{"name":"wp","href":"https:\/\/api.w.org\/{rel}","templated":true}]}}