{"id":4928,"date":"2024-01-28T21:02:16","date_gmt":"2024-01-28T21:02:16","guid":{"rendered":"https:\/\/czteryporymilowania.pl\/?post_type=product&#038;p=4928"},"modified":"2024-02-02T20:17:03","modified_gmt":"2024-02-02T20:17:03","slug":"dotykam-dachow-piotr-brymas","status":"publish","type":"product","link":"https:\/\/czteryporymilowania.pl\/?product=dotykam-dachow-piotr-brymas","title":{"rendered":"Piotr Brymas &#8211; &#8222;Dotykam dach\u00f3w&#8221; &#8211; wyd. 2019r."},"content":{"rendered":"<p><strong>Tomik z autografem autora! <\/strong><\/p>\n<p>&#8222;Dotykam Dach\u00f3w&#8221;<br \/>\nWydanie trzecie<br \/>\n\u0141\u00f3d\u017a 2019 r.<br \/>\nLiczba stron 116<br \/>\nOprawa mi\u0119kka<br \/>\nWydawnictwo ABC DESIGN<\/p>\n","protected":false},"excerpt":{"rendered":"<p>Tomik z autografem autora! &#8222;Dotykam Dach\u00f3w&#8221; Wydanie trzecie \u0141\u00f3d\u017a 2019 r. Liczba stron 116 Oprawa mi\u0119kka Wydawnictwo ABC DESIGN<\/p>\n","protected":false},"featured_media":4969,"comment_status":"open","ping_status":"closed","template":"","meta":{"_acf_changed":false},"product_brand":[],"product_cat":[41],"product_tag":[],"class_list":{"0":"post-4928","1":"product","2":"type-product","3":"status-publish","4":"has-post-thumbnail","6":"product_cat-tomiki","8":"first","9":"instock","10":"taxable","11":"shipping-taxable","12":"purchasable","13":"product-type-simple"},"acf":[],"yoast_head":"<!-- This site is optimized with the Yoast SEO plugin v27.4 - https:\/\/yoast.com\/product\/yoast-seo-wordpress\/ -->\n<title>Piotr Brymas - &quot;Dotykam dach\u00f3w&quot; - wyd. 2019r. - Cztery Pory Mi\u0142owania<\/title>\n<meta name=\"robots\" content=\"index, follow, max-snippet:-1, max-image-preview:large, max-video-preview:-1\" \/>\n<link rel=\"canonical\" href=\"https:\/\/czteryporymilowania.pl\/produkt\/dotykam-dachow-piotr-brymas\/\" \/>\n<meta property=\"og:locale\" content=\"pl_PL\" \/>\n<meta property=\"og:type\" content=\"article\" \/>\n<meta property=\"og:title\" content=\"Piotr Brymas - &quot;Dotykam dach\u00f3w&quot; - wyd. 2019r. - Cztery Pory Mi\u0142owania\" \/>\n<meta property=\"og:description\" content=\"Tomik z autografem autora! &#8222;Dotykam Dach\u00f3w&#8221; Wydanie trzecie \u0141\u00f3d\u017a 2019 r. Liczba stron 116 Oprawa mi\u0119kka Wydawnictwo ABC DESIGN\" \/>\n<meta property=\"og:url\" content=\"https:\/\/czteryporymilowania.pl\/produkt\/dotykam-dachow-piotr-brymas\/\" \/>\n<meta property=\"og:site_name\" content=\"Cztery Pory Mi\u0142owania\" \/>\n<meta property=\"article:modified_time\" content=\"2024-02-02T20:17:03+00:00\" \/>\n<meta property=\"og:image\" content=\"https:\/\/czteryporymilowania.pl\/wp-content\/uploads\/2024\/01\/brymas.jpg\" \/>\n\t<meta property=\"og:image:width\" content=\"2077\" \/>\n\t<meta property=\"og:image:height\" content=\"1736\" \/>\n\t<meta property=\"og:image:type\" content=\"image\/jpeg\" \/>\n<meta name=\"twitter:card\" content=\"summary_large_image\" \/>\n<meta name=\"twitter:label1\" content=\"Szacowany czas czytania\" \/>\n\t<meta name=\"twitter:data1\" content=\"1 minuta\" \/>\n<script type=\"application\/ld+json\" class=\"yoast-schema-graph\">{\"@context\":\"https:\\\/\\\/schema.org\",\"@graph\":[{\"@type\":\"WebPage\",\"@id\":\"https:\\\/\\\/czteryporymilowania.pl\\\/produkt\\\/dotykam-dachow-piotr-brymas\\\/\",\"url\":\"https:\\\/\\\/czteryporymilowania.pl\\\/produkt\\\/dotykam-dachow-piotr-brymas\\\/\",\"name\":\"Piotr Brymas - \\\"Dotykam dach\u00f3w\\\" - wyd. 2019r. - Cztery Pory Mi\u0142owania\",\"isPartOf\":{\"@id\":\"https:\\\/\\\/czteryporymilowania.pl\\\/#website\"},\"primaryImageOfPage\":{\"@id\":\"https:\\\/\\\/czteryporymilowania.pl\\\/produkt\\\/dotykam-dachow-piotr-brymas\\\/#primaryimage\"},\"image\":{\"@id\":\"https:\\\/\\\/czteryporymilowania.pl\\\/produkt\\\/dotykam-dachow-piotr-brymas\\\/#primaryimage\"},\"thumbnailUrl\":\"https:\\\/\\\/czteryporymilowania.pl\\\/wp-content\\\/uploads\\\/2024\\\/01\\\/brymas.jpg\",\"datePublished\":\"2024-01-28T21:02:16+00:00\",\"dateModified\":\"2024-02-02T20:17:03+00:00\",\"breadcrumb\":{\"@id\":\"https:\\\/\\\/czteryporymilowania.pl\\\/produkt\\\/dotykam-dachow-piotr-brymas\\\/#breadcrumb\"},\"inLanguage\":\"pl-PL\",\"potentialAction\":[{\"@type\":\"ReadAction\",\"target\":[\"https:\\\/\\\/czteryporymilowania.pl\\\/produkt\\\/dotykam-dachow-piotr-brymas\\\/\"]}]},{\"@type\":\"ImageObject\",\"inLanguage\":\"pl-PL\",\"@id\":\"https:\\\/\\\/czteryporymilowania.pl\\\/produkt\\\/dotykam-dachow-piotr-brymas\\\/#primaryimage\",\"url\":\"https:\\\/\\\/czteryporymilowania.pl\\\/wp-content\\\/uploads\\\/2024\\\/01\\\/brymas.jpg\",\"contentUrl\":\"https:\\\/\\\/czteryporymilowania.pl\\\/wp-content\\\/uploads\\\/2024\\\/01\\\/brymas.jpg\",\"width\":2077,\"height\":1736},{\"@type\":\"BreadcrumbList\",\"@id\":\"https:\\\/\\\/czteryporymilowania.pl\\\/produkt\\\/dotykam-dachow-piotr-brymas\\\/#breadcrumb\",\"itemListElement\":[{\"@type\":\"ListItem\",\"position\":1,\"name\":\"Strona g\u0142\u00f3wna\",\"item\":\"https:\\\/\\\/czteryporymilowania.pl\\\/\"},{\"@type\":\"ListItem\",\"position\":2,\"name\":\"Sklep\",\"item\":\"https:\\\/\\\/czteryporymilowania.pl\\\/?page_id=221\"},{\"@type\":\"ListItem\",\"position\":3,\"name\":\"Piotr Brymas &#8211; &#8222;Dotykam dach\u00f3w&#8221; &#8211; wyd. 2019r.\"}]},{\"@type\":\"WebSite\",\"@id\":\"https:\\\/\\\/czteryporymilowania.pl\\\/#website\",\"url\":\"https:\\\/\\\/czteryporymilowania.pl\\\/\",\"name\":\"Cztery Pory Mi\u0142owania\",\"description\":\"Oficjalna strona zespo\u0142u Cztery Pory Mi\u0142owania\",\"publisher\":{\"@id\":\"https:\\\/\\\/czteryporymilowania.pl\\\/#organization\"},\"potentialAction\":[{\"@type\":\"SearchAction\",\"target\":{\"@type\":\"EntryPoint\",\"urlTemplate\":\"https:\\\/\\\/czteryporymilowania.pl\\\/?s={search_term_string}\"},\"query-input\":{\"@type\":\"PropertyValueSpecification\",\"valueRequired\":true,\"valueName\":\"search_term_string\"}}],\"inLanguage\":\"pl-PL\"},{\"@type\":\"Organization\",\"@id\":\"https:\\\/\\\/czteryporymilowania.pl\\\/#organization\",\"name\":\"Cztery Pory Mi\u0142owania\",\"url\":\"https:\\\/\\\/czteryporymilowania.pl\\\/\",\"logo\":{\"@type\":\"ImageObject\",\"inLanguage\":\"pl-PL\",\"@id\":\"https:\\\/\\\/czteryporymilowania.pl\\\/#\\\/schema\\\/logo\\\/image\\\/\",\"url\":\"https:\\\/\\\/czteryporymilowania.pl\\\/wp-content\\\/uploads\\\/2021\\\/06\\\/cropped-209428703_138683461698957_504648459400028346_n.png\",\"contentUrl\":\"https:\\\/\\\/czteryporymilowania.pl\\\/wp-content\\\/uploads\\\/2021\\\/06\\\/cropped-209428703_138683461698957_504648459400028346_n.png\",\"width\":512,\"height\":512,\"caption\":\"Cztery Pory Mi\u0142owania\"},\"image\":{\"@id\":\"https:\\\/\\\/czteryporymilowania.pl\\\/#\\\/schema\\\/logo\\\/image\\\/\"}}]}<\/script>\n<!-- \/ Yoast SEO plugin. -->","yoast_head_json":{"title":"Piotr Brymas - \"Dotykam dach\u00f3w\" - wyd. 2019r. - Cztery Pory Mi\u0142owania","robots":{"index":"index","follow":"follow","max-snippet":"max-snippet:-1","max-image-preview":"max-image-preview:large","max-video-preview":"max-video-preview:-1"},"canonical":"https:\/\/czteryporymilowania.pl\/produkt\/dotykam-dachow-piotr-brymas\/","og_locale":"pl_PL","og_type":"article","og_title":"Piotr Brymas - \"Dotykam dach\u00f3w\" - wyd. 2019r. - Cztery Pory Mi\u0142owania","og_description":"Tomik z autografem autora! &#8222;Dotykam Dach\u00f3w&#8221; Wydanie trzecie \u0141\u00f3d\u017a 2019 r. Liczba stron 116 Oprawa mi\u0119kka Wydawnictwo ABC DESIGN","og_url":"https:\/\/czteryporymilowania.pl\/produkt\/dotykam-dachow-piotr-brymas\/","og_site_name":"Cztery Pory Mi\u0142owania","article_modified_time":"2024-02-02T20:17:03+00:00","og_image":[{"width":2077,"height":1736,"url":"https:\/\/czteryporymilowania.pl\/wp-content\/uploads\/2024\/01\/brymas.jpg","type":"image\/jpeg"}],"twitter_card":"summary_large_image","twitter_misc":{"Szacowany czas czytania":"1 minuta"},"schema":{"@context":"https:\/\/schema.org","@graph":[{"@type":"WebPage","@id":"https:\/\/czteryporymilowania.pl\/produkt\/dotykam-dachow-piotr-brymas\/","url":"https:\/\/czteryporymilowania.pl\/produkt\/dotykam-dachow-piotr-brymas\/","name":"Piotr Brymas - \"Dotykam dach\u00f3w\" - wyd. 2019r. - Cztery Pory Mi\u0142owania","isPartOf":{"@id":"https:\/\/czteryporymilowania.pl\/#website"},"primaryImageOfPage":{"@id":"https:\/\/czteryporymilowania.pl\/produkt\/dotykam-dachow-piotr-brymas\/#primaryimage"},"image":{"@id":"https:\/\/czteryporymilowania.pl\/produkt\/dotykam-dachow-piotr-brymas\/#primaryimage"},"thumbnailUrl":"https:\/\/czteryporymilowania.pl\/wp-content\/uploads\/2024\/01\/brymas.jpg","datePublished":"2024-01-28T21:02:16+00:00","dateModified":"2024-02-02T20:17:03+00:00","breadcrumb":{"@id":"https:\/\/czteryporymilowania.pl\/produkt\/dotykam-dachow-piotr-brymas\/#breadcrumb"},"inLanguage":"pl-PL","potentialAction":[{"@type":"ReadAction","target":["https:\/\/czteryporymilowania.pl\/produkt\/dotykam-dachow-piotr-brymas\/"]}]},{"@type":"ImageObject","inLanguage":"pl-PL","@id":"https:\/\/czteryporymilowania.pl\/produkt\/dotykam-dachow-piotr-brymas\/#primaryimage","url":"https:\/\/czteryporymilowania.pl\/wp-content\/uploads\/2024\/01\/brymas.jpg","contentUrl":"https:\/\/czteryporymilowania.pl\/wp-content\/uploads\/2024\/01\/brymas.jpg","width":2077,"height":1736},{"@type":"BreadcrumbList","@id":"https:\/\/czteryporymilowania.pl\/produkt\/dotykam-dachow-piotr-brymas\/#breadcrumb","itemListElement":[{"@type":"ListItem","position":1,"name":"Strona g\u0142\u00f3wna","item":"https:\/\/czteryporymilowania.pl\/"},{"@type":"ListItem","position":2,"name":"Sklep","item":"https:\/\/czteryporymilowania.pl\/?page_id=221"},{"@type":"ListItem","position":3,"name":"Piotr Brymas &#8211; &#8222;Dotykam dach\u00f3w&#8221; &#8211; wyd. 2019r."}]},{"@type":"WebSite","@id":"https:\/\/czteryporymilowania.pl\/#website","url":"https:\/\/czteryporymilowania.pl\/","name":"Cztery Pory Mi\u0142owania","description":"Oficjalna strona zespo\u0142u Cztery Pory Mi\u0142owania","publisher":{"@id":"https:\/\/czteryporymilowania.pl\/#organization"},"potentialAction":[{"@type":"SearchAction","target":{"@type":"EntryPoint","urlTemplate":"https:\/\/czteryporymilowania.pl\/?s={search_term_string}"},"query-input":{"@type":"PropertyValueSpecification","valueRequired":true,"valueName":"search_term_string"}}],"inLanguage":"pl-PL"},{"@type":"Organization","@id":"https:\/\/czteryporymilowania.pl\/#organization","name":"Cztery Pory Mi\u0142owania","url":"https:\/\/czteryporymilowania.pl\/","logo":{"@type":"ImageObject","inLanguage":"pl-PL","@id":"https:\/\/czteryporymilowania.pl\/#\/schema\/logo\/image\/","url":"https:\/\/czteryporymilowania.pl\/wp-content\/uploads\/2021\/06\/cropped-209428703_138683461698957_504648459400028346_n.png","contentUrl":"https:\/\/czteryporymilowania.pl\/wp-content\/uploads\/2021\/06\/cropped-209428703_138683461698957_504648459400028346_n.png","width":512,"height":512,"caption":"Cztery Pory Mi\u0142owania"},"image":{"@id":"https:\/\/czteryporymilowania.pl\/#\/schema\/logo\/image\/"}}]}},"_links":{"self":[{"href":"https:\/\/czteryporymilowania.pl\/index.php?rest_route=\/wp\/v2\/product\/4928","targetHints":{"allow":["GET"]}}],"collection":[{"href":"https:\/\/czteryporymilowania.pl\/index.php?rest_route=\/wp\/v2\/product"}],"about":[{"href":"https:\/\/czteryporymilowania.pl\/index.php?rest_route=\/wp\/v2\/types\/product"}],"replies":[{"embeddable":true,"href":"https:\/\/czteryporymilowania.pl\/index.php?rest_route=%2Fwp%2Fv2%2Fcomments&post=4928"}],"wp:featuredmedia":[{"embeddable":true,"href":"https:\/\/czteryporymilowania.pl\/index.php?rest_route=\/wp\/v2\/media\/4969"}],"wp:attachment":[{"href":"https:\/\/czteryporymilowania.pl\/index.php?rest_route=%2Fwp%2Fv2%2Fmedia&parent=4928"}],"wp:term":[{"taxonomy":"product_brand","embeddable":true,"href":"https:\/\/czteryporymilowania.pl\/index.php?rest_route=%2Fwp%2Fv2%2Fproduct_brand&post=4928"},{"taxonomy":"product_cat","embeddable":true,"href":"https:\/\/czteryporymilowania.pl\/index.php?rest_route=%2Fwp%2Fv2%2Fproduct_cat&post=4928"},{"taxonomy":"product_tag","embeddable":true,"href":"https:\/\/czteryporymilowania.pl\/index.php?rest_route=%2Fwp%2Fv2%2Fproduct_tag&post=4928"}],"curies":[{"name":"wp","href":"https:\/\/api.w.org\/{rel}","templated":true}]}}