{"id":5793,"date":"2024-06-24T13:54:36","date_gmt":"2024-06-24T13:54:36","guid":{"rendered":"https:\/\/czteryporymilowania.pl\/?post_type=product&#038;p=5793"},"modified":"2026-02-11T10:31:52","modified_gmt":"2026-02-11T10:31:52","slug":"cztery-pory-milowania-sluchaj-oto-jestem-2x-plyta-cd-2024r","status":"publish","type":"product","link":"https:\/\/czteryporymilowania.pl\/?product=cztery-pory-milowania-sluchaj-oto-jestem-2x-plyta-cd-2024r","title":{"rendered":"Cztery Pory Mi\u0142owania (S\u0142uchaj | Oto jestem) &#8211; 2x p\u0142yta CD (2024r.)"},"content":{"rendered":"<p>Album zawiera dwie p\u0142yty, \u0142\u0105cznie 21 piosenek:<\/p>\n<p><strong>S\u0142uchaj<\/strong><\/p>\n<ol>\n<li><strong>S\u0142uchaj &#8211; symfonicznie<\/strong><br \/>\n(s\u0142. Piotr Brymas, muz. Micha\u0142 Miotke)<\/li>\n<li><strong>Wszystko jasne<\/strong><br \/>\n(s\u0142. Piotr Brymas, muz. Micha\u0142 Miotke)<\/li>\n<li><strong>\u015apiewaj rado\u015b\u0107<\/strong><br \/>\n(s\u0142. Krzysztof Kasperczyk, muz. Micha\u0142 Miotke)<\/li>\n<li><strong>Sny<\/strong><br \/>\n(s\u0142. Piotr Konczak, muz. Micha\u0142 Miotke)<\/li>\n<li><strong>Moje schody do nieba<\/strong><br \/>\n(s\u0142. Piotr Konczak, muz. Micha\u0142 Miotke)<\/li>\n<li><strong>Confiteor<\/strong><br \/>\n(s\u0142. Edward Stachura, muz. Patryk Wendrowski)<\/li>\n<li><strong>Co mo\u017cemy<\/strong><br \/>\n(s\u0142. Bogdan Loebl, muz. Micha\u0142 Miotke)<\/li>\n<li><strong>Fikcja<\/strong><br \/>\n(s\u0142. Bogdan Loebl, muz. Patryk Wendrowski)<\/li>\n<li><strong>Drapie\u017cne noce<\/strong><br \/>\n(s\u0142. Piotr Konczak, muz. Micha\u0142 Miotke)<\/li>\n<li><strong>Ja te\u017c powoli st\u0105d odchodz\u0119<\/strong><br \/>\n(s\u0142. Aleksandra Baci\u0144ska, muz. Micha\u0142 Miotke)<\/li>\n<\/ol>\n<p><strong><br \/>\nOto jestem<\/strong><\/p>\n<ol>\n<li><strong>Oto jestem<\/strong><br \/>\n(s\u0142. Bogdan Loebl, muz. Patryk Wendrowski)<\/li>\n<li><strong>Element mapy<\/strong><br \/>\n(s\u0142. Krzysztof Kasperczyk, muz. Micha\u0142 Miotke)<\/li>\n<li><strong>Pozw\u00f3l mi z sob\u0105 pomilcze\u0107<\/strong><br \/>\n(s\u0142. Aleksandra Baci\u0144ska, muz. Micha\u0142 Miotke)<\/li>\n<li><strong>Czy<\/strong><br \/>\n(s\u0142. Krzysztof Kasperczyk, muz. Micha\u0142 Miotke)<\/li>\n<li><strong>Jeste\u015b<\/strong><br \/>\n(s\u0142. Bogdan Loebl, muz. Micha\u0142 Miotke)<\/li>\n<li><strong>Morze martwe<\/strong><br \/>\n(s\u0142. Edward Stachura, muz. Patryk Wendrowski)<\/li>\n<li><strong>www<\/strong><br \/>\n(s\u0142. Piotr Konczak, muz. Patryk Wendrowski)<\/li>\n<li><strong>Czekam<\/strong><br \/>\n(s\u0142. Bogdan Loebl, muz. Patryk Wendrowski)<\/li>\n<li><strong>Chlebie powszedni<\/strong><br \/>\n(s\u0142. Piotr Konczak, muz. Micha\u0142 Miotke)<\/li>\n<li><strong>Wie\u015b<\/strong><br \/>\n(s\u0142. Bogdan Loebl, muz. Micha\u0142 Miotke)<\/li>\n<li><strong>Francuska piosenka<\/strong><br \/>\n(s\u0142. Aleksandra Baci\u0144ska, muz. Micha\u0142 Miotke)<\/li>\n<\/ol>\n","protected":false},"excerpt":{"rendered":"<p>Album zawiera dwie p\u0142yty, \u0142\u0105cznie 21 piosenek: S\u0142uchaj S\u0142uchaj &#8211; symfonicznie (s\u0142. Piotr Brymas, muz. Micha\u0142 Miotke) Wszystko jasne (s\u0142. Piotr Brymas, muz. Micha\u0142 Miotke) \u015apiewaj rado\u015b\u0107 (s\u0142. Krzysztof Kasperczyk, muz. Micha\u0142 Miotke) Sny (s\u0142. Piotr Konczak, muz. Micha\u0142 Miotke) Moje schody do nieba (s\u0142. Piotr Konczak, muz. Micha\u0142 Miotke) Confiteor (s\u0142. Edward Stachura, muz. [&hellip;]<\/p>\n","protected":false},"featured_media":5794,"comment_status":"open","ping_status":"closed","template":"","meta":{"_acf_changed":false},"product_brand":[],"product_cat":[22],"product_tag":[],"class_list":{"0":"post-5793","1":"product","2":"type-product","3":"status-publish","4":"has-post-thumbnail","6":"product_cat-plyty-cd","8":"first","9":"instock","10":"taxable","11":"shipping-taxable","12":"purchasable","13":"product-type-simple"},"acf":[],"yoast_head":"<!-- This site is optimized with the Yoast SEO plugin v27.4 - https:\/\/yoast.com\/product\/yoast-seo-wordpress\/ -->\n<title>Cztery Pory Mi\u0142owania (S\u0142uchaj | Oto jestem) - 2x p\u0142yta CD (2024r.) - Cztery Pory Mi\u0142owania<\/title>\n<meta name=\"robots\" content=\"index, follow, max-snippet:-1, max-image-preview:large, max-video-preview:-1\" \/>\n<link rel=\"canonical\" href=\"https:\/\/czteryporymilowania.pl\/produkt\/cztery-pory-milowania-sluchaj-oto-jestem-2x-plyta-cd-2024r\/\" \/>\n<meta property=\"og:locale\" content=\"pl_PL\" \/>\n<meta property=\"og:type\" content=\"article\" \/>\n<meta property=\"og:title\" content=\"Cztery Pory Mi\u0142owania (S\u0142uchaj | Oto jestem) - 2x p\u0142yta CD (2024r.) - Cztery Pory Mi\u0142owania\" \/>\n<meta property=\"og:description\" content=\"Album zawiera dwie p\u0142yty, \u0142\u0105cznie 21 piosenek: S\u0142uchaj S\u0142uchaj &#8211; symfonicznie (s\u0142. Piotr Brymas, muz. Micha\u0142 Miotke) Wszystko jasne (s\u0142. Piotr Brymas, muz. Micha\u0142 Miotke) \u015apiewaj rado\u015b\u0107 (s\u0142. Krzysztof Kasperczyk, muz. Micha\u0142 Miotke) Sny (s\u0142. Piotr Konczak, muz. Micha\u0142 Miotke) Moje schody do nieba (s\u0142. Piotr Konczak, muz. Micha\u0142 Miotke) Confiteor (s\u0142. Edward Stachura, muz. [&hellip;]\" \/>\n<meta property=\"og:url\" content=\"https:\/\/czteryporymilowania.pl\/produkt\/cztery-pory-milowania-sluchaj-oto-jestem-2x-plyta-cd-2024r\/\" \/>\n<meta property=\"og:site_name\" content=\"Cztery Pory Mi\u0142owania\" \/>\n<meta property=\"article:modified_time\" content=\"2026-02-11T10:31:52+00:00\" \/>\n<meta property=\"og:image\" content=\"https:\/\/czteryporymilowania.pl\/wp-content\/uploads\/2024\/06\/CPM_golde_2-scaled.jpg\" \/>\n\t<meta property=\"og:image:width\" content=\"2560\" \/>\n\t<meta property=\"og:image:height\" content=\"1920\" \/>\n\t<meta property=\"og:image:type\" content=\"image\/jpeg\" \/>\n<meta name=\"twitter:card\" content=\"summary_large_image\" \/>\n<meta name=\"twitter:label1\" content=\"Szacowany czas czytania\" \/>\n\t<meta name=\"twitter:data1\" content=\"2 minuty\" \/>\n<script type=\"application\/ld+json\" class=\"yoast-schema-graph\">{\"@context\":\"https:\\\/\\\/schema.org\",\"@graph\":[{\"@type\":\"WebPage\",\"@id\":\"https:\\\/\\\/czteryporymilowania.pl\\\/produkt\\\/cztery-pory-milowania-sluchaj-oto-jestem-2x-plyta-cd-2024r\\\/\",\"url\":\"https:\\\/\\\/czteryporymilowania.pl\\\/produkt\\\/cztery-pory-milowania-sluchaj-oto-jestem-2x-plyta-cd-2024r\\\/\",\"name\":\"Cztery Pory Mi\u0142owania (S\u0142uchaj | Oto jestem) - 2x p\u0142yta CD (2024r.) - Cztery Pory Mi\u0142owania\",\"isPartOf\":{\"@id\":\"https:\\\/\\\/czteryporymilowania.pl\\\/#website\"},\"primaryImageOfPage\":{\"@id\":\"https:\\\/\\\/czteryporymilowania.pl\\\/produkt\\\/cztery-pory-milowania-sluchaj-oto-jestem-2x-plyta-cd-2024r\\\/#primaryimage\"},\"image\":{\"@id\":\"https:\\\/\\\/czteryporymilowania.pl\\\/produkt\\\/cztery-pory-milowania-sluchaj-oto-jestem-2x-plyta-cd-2024r\\\/#primaryimage\"},\"thumbnailUrl\":\"https:\\\/\\\/czteryporymilowania.pl\\\/wp-content\\\/uploads\\\/2024\\\/06\\\/CPM_golde_2-scaled.jpg\",\"datePublished\":\"2024-06-24T13:54:36+00:00\",\"dateModified\":\"2026-02-11T10:31:52+00:00\",\"breadcrumb\":{\"@id\":\"https:\\\/\\\/czteryporymilowania.pl\\\/produkt\\\/cztery-pory-milowania-sluchaj-oto-jestem-2x-plyta-cd-2024r\\\/#breadcrumb\"},\"inLanguage\":\"pl-PL\",\"potentialAction\":[{\"@type\":\"ReadAction\",\"target\":[\"https:\\\/\\\/czteryporymilowania.pl\\\/produkt\\\/cztery-pory-milowania-sluchaj-oto-jestem-2x-plyta-cd-2024r\\\/\"]}]},{\"@type\":\"ImageObject\",\"inLanguage\":\"pl-PL\",\"@id\":\"https:\\\/\\\/czteryporymilowania.pl\\\/produkt\\\/cztery-pory-milowania-sluchaj-oto-jestem-2x-plyta-cd-2024r\\\/#primaryimage\",\"url\":\"https:\\\/\\\/czteryporymilowania.pl\\\/wp-content\\\/uploads\\\/2024\\\/06\\\/CPM_golde_2-scaled.jpg\",\"contentUrl\":\"https:\\\/\\\/czteryporymilowania.pl\\\/wp-content\\\/uploads\\\/2024\\\/06\\\/CPM_golde_2-scaled.jpg\",\"width\":2560,\"height\":1920},{\"@type\":\"BreadcrumbList\",\"@id\":\"https:\\\/\\\/czteryporymilowania.pl\\\/produkt\\\/cztery-pory-milowania-sluchaj-oto-jestem-2x-plyta-cd-2024r\\\/#breadcrumb\",\"itemListElement\":[{\"@type\":\"ListItem\",\"position\":1,\"name\":\"Strona g\u0142\u00f3wna\",\"item\":\"https:\\\/\\\/czteryporymilowania.pl\\\/\"},{\"@type\":\"ListItem\",\"position\":2,\"name\":\"Sklep\",\"item\":\"https:\\\/\\\/czteryporymilowania.pl\\\/?page_id=221\"},{\"@type\":\"ListItem\",\"position\":3,\"name\":\"Cztery Pory Mi\u0142owania (S\u0142uchaj | Oto jestem) &#8211; 2x p\u0142yta CD (2024r.)\"}]},{\"@type\":\"WebSite\",\"@id\":\"https:\\\/\\\/czteryporymilowania.pl\\\/#website\",\"url\":\"https:\\\/\\\/czteryporymilowania.pl\\\/\",\"name\":\"Cztery Pory Mi\u0142owania\",\"description\":\"Oficjalna strona zespo\u0142u Cztery Pory Mi\u0142owania\",\"publisher\":{\"@id\":\"https:\\\/\\\/czteryporymilowania.pl\\\/#organization\"},\"potentialAction\":[{\"@type\":\"SearchAction\",\"target\":{\"@type\":\"EntryPoint\",\"urlTemplate\":\"https:\\\/\\\/czteryporymilowania.pl\\\/?s={search_term_string}\"},\"query-input\":{\"@type\":\"PropertyValueSpecification\",\"valueRequired\":true,\"valueName\":\"search_term_string\"}}],\"inLanguage\":\"pl-PL\"},{\"@type\":\"Organization\",\"@id\":\"https:\\\/\\\/czteryporymilowania.pl\\\/#organization\",\"name\":\"Cztery Pory Mi\u0142owania\",\"url\":\"https:\\\/\\\/czteryporymilowania.pl\\\/\",\"logo\":{\"@type\":\"ImageObject\",\"inLanguage\":\"pl-PL\",\"@id\":\"https:\\\/\\\/czteryporymilowania.pl\\\/#\\\/schema\\\/logo\\\/image\\\/\",\"url\":\"https:\\\/\\\/czteryporymilowania.pl\\\/wp-content\\\/uploads\\\/2021\\\/06\\\/cropped-209428703_138683461698957_504648459400028346_n.png\",\"contentUrl\":\"https:\\\/\\\/czteryporymilowania.pl\\\/wp-content\\\/uploads\\\/2021\\\/06\\\/cropped-209428703_138683461698957_504648459400028346_n.png\",\"width\":512,\"height\":512,\"caption\":\"Cztery Pory Mi\u0142owania\"},\"image\":{\"@id\":\"https:\\\/\\\/czteryporymilowania.pl\\\/#\\\/schema\\\/logo\\\/image\\\/\"}}]}<\/script>\n<!-- \/ Yoast SEO plugin. -->","yoast_head_json":{"title":"Cztery Pory Mi\u0142owania (S\u0142uchaj | Oto jestem) - 2x p\u0142yta CD (2024r.) - Cztery Pory Mi\u0142owania","robots":{"index":"index","follow":"follow","max-snippet":"max-snippet:-1","max-image-preview":"max-image-preview:large","max-video-preview":"max-video-preview:-1"},"canonical":"https:\/\/czteryporymilowania.pl\/produkt\/cztery-pory-milowania-sluchaj-oto-jestem-2x-plyta-cd-2024r\/","og_locale":"pl_PL","og_type":"article","og_title":"Cztery Pory Mi\u0142owania (S\u0142uchaj | Oto jestem) - 2x p\u0142yta CD (2024r.) - Cztery Pory Mi\u0142owania","og_description":"Album zawiera dwie p\u0142yty, \u0142\u0105cznie 21 piosenek: S\u0142uchaj S\u0142uchaj &#8211; symfonicznie (s\u0142. Piotr Brymas, muz. Micha\u0142 Miotke) Wszystko jasne (s\u0142. Piotr Brymas, muz. Micha\u0142 Miotke) \u015apiewaj rado\u015b\u0107 (s\u0142. Krzysztof Kasperczyk, muz. Micha\u0142 Miotke) Sny (s\u0142. Piotr Konczak, muz. Micha\u0142 Miotke) Moje schody do nieba (s\u0142. Piotr Konczak, muz. Micha\u0142 Miotke) Confiteor (s\u0142. Edward Stachura, muz. [&hellip;]","og_url":"https:\/\/czteryporymilowania.pl\/produkt\/cztery-pory-milowania-sluchaj-oto-jestem-2x-plyta-cd-2024r\/","og_site_name":"Cztery Pory Mi\u0142owania","article_modified_time":"2026-02-11T10:31:52+00:00","og_image":[{"width":2560,"height":1920,"url":"https:\/\/czteryporymilowania.pl\/wp-content\/uploads\/2024\/06\/CPM_golde_2-scaled.jpg","type":"image\/jpeg"}],"twitter_card":"summary_large_image","twitter_misc":{"Szacowany czas czytania":"2 minuty"},"schema":{"@context":"https:\/\/schema.org","@graph":[{"@type":"WebPage","@id":"https:\/\/czteryporymilowania.pl\/produkt\/cztery-pory-milowania-sluchaj-oto-jestem-2x-plyta-cd-2024r\/","url":"https:\/\/czteryporymilowania.pl\/produkt\/cztery-pory-milowania-sluchaj-oto-jestem-2x-plyta-cd-2024r\/","name":"Cztery Pory Mi\u0142owania (S\u0142uchaj | Oto jestem) - 2x p\u0142yta CD (2024r.) - Cztery Pory Mi\u0142owania","isPartOf":{"@id":"https:\/\/czteryporymilowania.pl\/#website"},"primaryImageOfPage":{"@id":"https:\/\/czteryporymilowania.pl\/produkt\/cztery-pory-milowania-sluchaj-oto-jestem-2x-plyta-cd-2024r\/#primaryimage"},"image":{"@id":"https:\/\/czteryporymilowania.pl\/produkt\/cztery-pory-milowania-sluchaj-oto-jestem-2x-plyta-cd-2024r\/#primaryimage"},"thumbnailUrl":"https:\/\/czteryporymilowania.pl\/wp-content\/uploads\/2024\/06\/CPM_golde_2-scaled.jpg","datePublished":"2024-06-24T13:54:36+00:00","dateModified":"2026-02-11T10:31:52+00:00","breadcrumb":{"@id":"https:\/\/czteryporymilowania.pl\/produkt\/cztery-pory-milowania-sluchaj-oto-jestem-2x-plyta-cd-2024r\/#breadcrumb"},"inLanguage":"pl-PL","potentialAction":[{"@type":"ReadAction","target":["https:\/\/czteryporymilowania.pl\/produkt\/cztery-pory-milowania-sluchaj-oto-jestem-2x-plyta-cd-2024r\/"]}]},{"@type":"ImageObject","inLanguage":"pl-PL","@id":"https:\/\/czteryporymilowania.pl\/produkt\/cztery-pory-milowania-sluchaj-oto-jestem-2x-plyta-cd-2024r\/#primaryimage","url":"https:\/\/czteryporymilowania.pl\/wp-content\/uploads\/2024\/06\/CPM_golde_2-scaled.jpg","contentUrl":"https:\/\/czteryporymilowania.pl\/wp-content\/uploads\/2024\/06\/CPM_golde_2-scaled.jpg","width":2560,"height":1920},{"@type":"BreadcrumbList","@id":"https:\/\/czteryporymilowania.pl\/produkt\/cztery-pory-milowania-sluchaj-oto-jestem-2x-plyta-cd-2024r\/#breadcrumb","itemListElement":[{"@type":"ListItem","position":1,"name":"Strona g\u0142\u00f3wna","item":"https:\/\/czteryporymilowania.pl\/"},{"@type":"ListItem","position":2,"name":"Sklep","item":"https:\/\/czteryporymilowania.pl\/?page_id=221"},{"@type":"ListItem","position":3,"name":"Cztery Pory Mi\u0142owania (S\u0142uchaj | Oto jestem) &#8211; 2x p\u0142yta CD (2024r.)"}]},{"@type":"WebSite","@id":"https:\/\/czteryporymilowania.pl\/#website","url":"https:\/\/czteryporymilowania.pl\/","name":"Cztery Pory Mi\u0142owania","description":"Oficjalna strona zespo\u0142u Cztery Pory Mi\u0142owania","publisher":{"@id":"https:\/\/czteryporymilowania.pl\/#organization"},"potentialAction":[{"@type":"SearchAction","target":{"@type":"EntryPoint","urlTemplate":"https:\/\/czteryporymilowania.pl\/?s={search_term_string}"},"query-input":{"@type":"PropertyValueSpecification","valueRequired":true,"valueName":"search_term_string"}}],"inLanguage":"pl-PL"},{"@type":"Organization","@id":"https:\/\/czteryporymilowania.pl\/#organization","name":"Cztery Pory Mi\u0142owania","url":"https:\/\/czteryporymilowania.pl\/","logo":{"@type":"ImageObject","inLanguage":"pl-PL","@id":"https:\/\/czteryporymilowania.pl\/#\/schema\/logo\/image\/","url":"https:\/\/czteryporymilowania.pl\/wp-content\/uploads\/2021\/06\/cropped-209428703_138683461698957_504648459400028346_n.png","contentUrl":"https:\/\/czteryporymilowania.pl\/wp-content\/uploads\/2021\/06\/cropped-209428703_138683461698957_504648459400028346_n.png","width":512,"height":512,"caption":"Cztery Pory Mi\u0142owania"},"image":{"@id":"https:\/\/czteryporymilowania.pl\/#\/schema\/logo\/image\/"}}]}},"_links":{"self":[{"href":"https:\/\/czteryporymilowania.pl\/index.php?rest_route=\/wp\/v2\/product\/5793","targetHints":{"allow":["GET"]}}],"collection":[{"href":"https:\/\/czteryporymilowania.pl\/index.php?rest_route=\/wp\/v2\/product"}],"about":[{"href":"https:\/\/czteryporymilowania.pl\/index.php?rest_route=\/wp\/v2\/types\/product"}],"replies":[{"embeddable":true,"href":"https:\/\/czteryporymilowania.pl\/index.php?rest_route=%2Fwp%2Fv2%2Fcomments&post=5793"}],"wp:featuredmedia":[{"embeddable":true,"href":"https:\/\/czteryporymilowania.pl\/index.php?rest_route=\/wp\/v2\/media\/5794"}],"wp:attachment":[{"href":"https:\/\/czteryporymilowania.pl\/index.php?rest_route=%2Fwp%2Fv2%2Fmedia&parent=5793"}],"wp:term":[{"taxonomy":"product_brand","embeddable":true,"href":"https:\/\/czteryporymilowania.pl\/index.php?rest_route=%2Fwp%2Fv2%2Fproduct_brand&post=5793"},{"taxonomy":"product_cat","embeddable":true,"href":"https:\/\/czteryporymilowania.pl\/index.php?rest_route=%2Fwp%2Fv2%2Fproduct_cat&post=5793"},{"taxonomy":"product_tag","embeddable":true,"href":"https:\/\/czteryporymilowania.pl\/index.php?rest_route=%2Fwp%2Fv2%2Fproduct_tag&post=5793"}],"curies":[{"name":"wp","href":"https:\/\/api.w.org\/{rel}","templated":true}]}}