{"id":6993,"date":"2024-10-25T13:26:39","date_gmt":"2024-10-25T13:26:39","guid":{"rendered":"https:\/\/czteryporymilowania.pl\/?post_type=product&#038;p=6993"},"modified":"2026-02-11T10:29:26","modified_gmt":"2026-02-11T10:29:26","slug":"zaczynam-od-nowa-winyl-2x-lp-2023r","status":"publish","type":"product","link":"https:\/\/czteryporymilowania.pl\/?product=zaczynam-od-nowa-winyl-2x-lp-2023r","title":{"rendered":"Zaczynam od nowa \u2013 winyl (2x LP) (2024r.)"},"content":{"rendered":"<p>Winyl 180g w kolorze czarnym.<\/p>\n<p>LP 1<\/p>\n<p><strong>STRONA A<\/strong><\/p>\n<p>1. Pani mi m\u00f3wi<br \/>\n2. Kogo kocham?<br \/>\n3. Chod\u017a, opowiem Ci dom<br \/>\n4. Kilka s\u0142\u00f3wek o t\u0119sknieniu<\/p>\n<p><strong>STRONA B<\/strong><\/p>\n<p>5. Bukiet wiosenny<br \/>\n6. Piosenka drugiej szansy<br \/>\n7. Nasza melodia<br \/>\n8. Zaczynam od nowa<\/p>\n<p>LP 2<\/p>\n<p><strong>STRONA C<\/strong><\/p>\n<p>9. Taka pi\u0119kna mi\u0142o\u015b\u0107<br \/>\n10. Jak tak mo\u017cna<br \/>\n11. Nie przemijamy<br \/>\n12. Erotyk bez poj\u0119cia<\/p>\n<p><strong>STRONA D<\/strong><\/p>\n<p>13. Bo\u017ce spacerowanie<br \/>\n14. Pochwalony<br \/>\n15. Bieszczadzka t\u0119sknota<\/p>\n","protected":false},"excerpt":{"rendered":"<p>Winyl 180g w kolorze czarnym. LP 1 STRONA A 1. Pani mi m\u00f3wi 2. Kogo kocham? 3. Chod\u017a, opowiem Ci dom 4. Kilka s\u0142\u00f3wek o t\u0119sknieniu STRONA B 5. Bukiet wiosenny 6. Piosenka drugiej szansy 7. Nasza melodia 8. Zaczynam od nowa LP 2 STRONA C 9. Taka pi\u0119kna mi\u0142o\u015b\u0107 10. Jak tak mo\u017cna 11. [&hellip;]<\/p>\n","protected":false},"featured_media":6994,"comment_status":"open","ping_status":"closed","template":"","meta":{"_acf_changed":false},"product_brand":[],"product_cat":[43],"product_tag":[],"class_list":{"0":"post-6993","1":"product","2":"type-product","3":"status-publish","4":"has-post-thumbnail","6":"product_cat-plyty-lp-winylowe","8":"first","9":"instock","10":"taxable","11":"shipping-taxable","12":"purchasable","13":"product-type-simple"},"acf":[],"yoast_head":"<!-- This site is optimized with the Yoast SEO plugin v27.4 - https:\/\/yoast.com\/product\/yoast-seo-wordpress\/ -->\n<title>Zaczynam od nowa \u2013 winyl (2x LP) (2024r.) - Cztery Pory Mi\u0142owania<\/title>\n<meta name=\"robots\" content=\"index, follow, max-snippet:-1, max-image-preview:large, max-video-preview:-1\" \/>\n<link rel=\"canonical\" href=\"https:\/\/czteryporymilowania.pl\/produkt\/zaczynam-od-nowa-winyl-2x-lp-2023r\/\" \/>\n<meta property=\"og:locale\" content=\"pl_PL\" \/>\n<meta property=\"og:type\" content=\"article\" \/>\n<meta property=\"og:title\" content=\"Zaczynam od nowa \u2013 winyl (2x LP) (2024r.) - Cztery Pory Mi\u0142owania\" \/>\n<meta property=\"og:description\" content=\"Winyl 180g w kolorze czarnym. LP 1 STRONA A 1. Pani mi m\u00f3wi 2. Kogo kocham? 3. Chod\u017a, opowiem Ci dom 4. Kilka s\u0142\u00f3wek o t\u0119sknieniu STRONA B 5. Bukiet wiosenny 6. Piosenka drugiej szansy 7. Nasza melodia 8. Zaczynam od nowa LP 2 STRONA C 9. Taka pi\u0119kna mi\u0142o\u015b\u0107 10. Jak tak mo\u017cna 11. [&hellip;]\" \/>\n<meta property=\"og:url\" content=\"https:\/\/czteryporymilowania.pl\/produkt\/zaczynam-od-nowa-winyl-2x-lp-2023r\/\" \/>\n<meta property=\"og:site_name\" content=\"Cztery Pory Mi\u0142owania\" \/>\n<meta property=\"article:modified_time\" content=\"2026-02-11T10:29:26+00:00\" \/>\n<meta property=\"og:image\" content=\"https:\/\/czteryporymilowania.pl\/wp-content\/uploads\/2024\/10\/455024096_526574969717502_5090265185637347294_n.jpg\" \/>\n\t<meta property=\"og:image:width\" content=\"1600\" \/>\n\t<meta property=\"og:image:height\" content=\"1200\" \/>\n\t<meta property=\"og:image:type\" content=\"image\/jpeg\" \/>\n<meta name=\"twitter:card\" content=\"summary_large_image\" \/>\n<meta name=\"twitter:label1\" content=\"Szacowany czas czytania\" \/>\n\t<meta name=\"twitter:data1\" content=\"1 minuta\" \/>\n<script type=\"application\/ld+json\" class=\"yoast-schema-graph\">{\"@context\":\"https:\\\/\\\/schema.org\",\"@graph\":[{\"@type\":\"WebPage\",\"@id\":\"https:\\\/\\\/czteryporymilowania.pl\\\/produkt\\\/zaczynam-od-nowa-winyl-2x-lp-2023r\\\/\",\"url\":\"https:\\\/\\\/czteryporymilowania.pl\\\/produkt\\\/zaczynam-od-nowa-winyl-2x-lp-2023r\\\/\",\"name\":\"Zaczynam od nowa \u2013 winyl (2x LP) (2024r.) - Cztery Pory Mi\u0142owania\",\"isPartOf\":{\"@id\":\"https:\\\/\\\/czteryporymilowania.pl\\\/#website\"},\"primaryImageOfPage\":{\"@id\":\"https:\\\/\\\/czteryporymilowania.pl\\\/produkt\\\/zaczynam-od-nowa-winyl-2x-lp-2023r\\\/#primaryimage\"},\"image\":{\"@id\":\"https:\\\/\\\/czteryporymilowania.pl\\\/produkt\\\/zaczynam-od-nowa-winyl-2x-lp-2023r\\\/#primaryimage\"},\"thumbnailUrl\":\"https:\\\/\\\/czteryporymilowania.pl\\\/wp-content\\\/uploads\\\/2024\\\/10\\\/455024096_526574969717502_5090265185637347294_n.jpg\",\"datePublished\":\"2024-10-25T13:26:39+00:00\",\"dateModified\":\"2026-02-11T10:29:26+00:00\",\"breadcrumb\":{\"@id\":\"https:\\\/\\\/czteryporymilowania.pl\\\/produkt\\\/zaczynam-od-nowa-winyl-2x-lp-2023r\\\/#breadcrumb\"},\"inLanguage\":\"pl-PL\",\"potentialAction\":[{\"@type\":\"ReadAction\",\"target\":[\"https:\\\/\\\/czteryporymilowania.pl\\\/produkt\\\/zaczynam-od-nowa-winyl-2x-lp-2023r\\\/\"]}]},{\"@type\":\"ImageObject\",\"inLanguage\":\"pl-PL\",\"@id\":\"https:\\\/\\\/czteryporymilowania.pl\\\/produkt\\\/zaczynam-od-nowa-winyl-2x-lp-2023r\\\/#primaryimage\",\"url\":\"https:\\\/\\\/czteryporymilowania.pl\\\/wp-content\\\/uploads\\\/2024\\\/10\\\/455024096_526574969717502_5090265185637347294_n.jpg\",\"contentUrl\":\"https:\\\/\\\/czteryporymilowania.pl\\\/wp-content\\\/uploads\\\/2024\\\/10\\\/455024096_526574969717502_5090265185637347294_n.jpg\",\"width\":1600,\"height\":1200},{\"@type\":\"BreadcrumbList\",\"@id\":\"https:\\\/\\\/czteryporymilowania.pl\\\/produkt\\\/zaczynam-od-nowa-winyl-2x-lp-2023r\\\/#breadcrumb\",\"itemListElement\":[{\"@type\":\"ListItem\",\"position\":1,\"name\":\"Strona g\u0142\u00f3wna\",\"item\":\"https:\\\/\\\/czteryporymilowania.pl\\\/\"},{\"@type\":\"ListItem\",\"position\":2,\"name\":\"Sklep\",\"item\":\"https:\\\/\\\/czteryporymilowania.pl\\\/?page_id=221\"},{\"@type\":\"ListItem\",\"position\":3,\"name\":\"Zaczynam od nowa \u2013 winyl (2x LP) (2024r.)\"}]},{\"@type\":\"WebSite\",\"@id\":\"https:\\\/\\\/czteryporymilowania.pl\\\/#website\",\"url\":\"https:\\\/\\\/czteryporymilowania.pl\\\/\",\"name\":\"Cztery Pory Mi\u0142owania\",\"description\":\"Oficjalna strona zespo\u0142u Cztery Pory Mi\u0142owania\",\"publisher\":{\"@id\":\"https:\\\/\\\/czteryporymilowania.pl\\\/#organization\"},\"potentialAction\":[{\"@type\":\"SearchAction\",\"target\":{\"@type\":\"EntryPoint\",\"urlTemplate\":\"https:\\\/\\\/czteryporymilowania.pl\\\/?s={search_term_string}\"},\"query-input\":{\"@type\":\"PropertyValueSpecification\",\"valueRequired\":true,\"valueName\":\"search_term_string\"}}],\"inLanguage\":\"pl-PL\"},{\"@type\":\"Organization\",\"@id\":\"https:\\\/\\\/czteryporymilowania.pl\\\/#organization\",\"name\":\"Cztery Pory Mi\u0142owania\",\"url\":\"https:\\\/\\\/czteryporymilowania.pl\\\/\",\"logo\":{\"@type\":\"ImageObject\",\"inLanguage\":\"pl-PL\",\"@id\":\"https:\\\/\\\/czteryporymilowania.pl\\\/#\\\/schema\\\/logo\\\/image\\\/\",\"url\":\"https:\\\/\\\/czteryporymilowania.pl\\\/wp-content\\\/uploads\\\/2021\\\/06\\\/cropped-209428703_138683461698957_504648459400028346_n.png\",\"contentUrl\":\"https:\\\/\\\/czteryporymilowania.pl\\\/wp-content\\\/uploads\\\/2021\\\/06\\\/cropped-209428703_138683461698957_504648459400028346_n.png\",\"width\":512,\"height\":512,\"caption\":\"Cztery Pory Mi\u0142owania\"},\"image\":{\"@id\":\"https:\\\/\\\/czteryporymilowania.pl\\\/#\\\/schema\\\/logo\\\/image\\\/\"}}]}<\/script>\n<!-- \/ Yoast SEO plugin. -->","yoast_head_json":{"title":"Zaczynam od nowa \u2013 winyl (2x LP) (2024r.) - Cztery Pory Mi\u0142owania","robots":{"index":"index","follow":"follow","max-snippet":"max-snippet:-1","max-image-preview":"max-image-preview:large","max-video-preview":"max-video-preview:-1"},"canonical":"https:\/\/czteryporymilowania.pl\/produkt\/zaczynam-od-nowa-winyl-2x-lp-2023r\/","og_locale":"pl_PL","og_type":"article","og_title":"Zaczynam od nowa \u2013 winyl (2x LP) (2024r.) - Cztery Pory Mi\u0142owania","og_description":"Winyl 180g w kolorze czarnym. LP 1 STRONA A 1. Pani mi m\u00f3wi 2. Kogo kocham? 3. Chod\u017a, opowiem Ci dom 4. Kilka s\u0142\u00f3wek o t\u0119sknieniu STRONA B 5. Bukiet wiosenny 6. Piosenka drugiej szansy 7. Nasza melodia 8. Zaczynam od nowa LP 2 STRONA C 9. Taka pi\u0119kna mi\u0142o\u015b\u0107 10. Jak tak mo\u017cna 11. [&hellip;]","og_url":"https:\/\/czteryporymilowania.pl\/produkt\/zaczynam-od-nowa-winyl-2x-lp-2023r\/","og_site_name":"Cztery Pory Mi\u0142owania","article_modified_time":"2026-02-11T10:29:26+00:00","og_image":[{"width":1600,"height":1200,"url":"https:\/\/czteryporymilowania.pl\/wp-content\/uploads\/2024\/10\/455024096_526574969717502_5090265185637347294_n.jpg","type":"image\/jpeg"}],"twitter_card":"summary_large_image","twitter_misc":{"Szacowany czas czytania":"1 minuta"},"schema":{"@context":"https:\/\/schema.org","@graph":[{"@type":"WebPage","@id":"https:\/\/czteryporymilowania.pl\/produkt\/zaczynam-od-nowa-winyl-2x-lp-2023r\/","url":"https:\/\/czteryporymilowania.pl\/produkt\/zaczynam-od-nowa-winyl-2x-lp-2023r\/","name":"Zaczynam od nowa \u2013 winyl (2x LP) (2024r.) - Cztery Pory Mi\u0142owania","isPartOf":{"@id":"https:\/\/czteryporymilowania.pl\/#website"},"primaryImageOfPage":{"@id":"https:\/\/czteryporymilowania.pl\/produkt\/zaczynam-od-nowa-winyl-2x-lp-2023r\/#primaryimage"},"image":{"@id":"https:\/\/czteryporymilowania.pl\/produkt\/zaczynam-od-nowa-winyl-2x-lp-2023r\/#primaryimage"},"thumbnailUrl":"https:\/\/czteryporymilowania.pl\/wp-content\/uploads\/2024\/10\/455024096_526574969717502_5090265185637347294_n.jpg","datePublished":"2024-10-25T13:26:39+00:00","dateModified":"2026-02-11T10:29:26+00:00","breadcrumb":{"@id":"https:\/\/czteryporymilowania.pl\/produkt\/zaczynam-od-nowa-winyl-2x-lp-2023r\/#breadcrumb"},"inLanguage":"pl-PL","potentialAction":[{"@type":"ReadAction","target":["https:\/\/czteryporymilowania.pl\/produkt\/zaczynam-od-nowa-winyl-2x-lp-2023r\/"]}]},{"@type":"ImageObject","inLanguage":"pl-PL","@id":"https:\/\/czteryporymilowania.pl\/produkt\/zaczynam-od-nowa-winyl-2x-lp-2023r\/#primaryimage","url":"https:\/\/czteryporymilowania.pl\/wp-content\/uploads\/2024\/10\/455024096_526574969717502_5090265185637347294_n.jpg","contentUrl":"https:\/\/czteryporymilowania.pl\/wp-content\/uploads\/2024\/10\/455024096_526574969717502_5090265185637347294_n.jpg","width":1600,"height":1200},{"@type":"BreadcrumbList","@id":"https:\/\/czteryporymilowania.pl\/produkt\/zaczynam-od-nowa-winyl-2x-lp-2023r\/#breadcrumb","itemListElement":[{"@type":"ListItem","position":1,"name":"Strona g\u0142\u00f3wna","item":"https:\/\/czteryporymilowania.pl\/"},{"@type":"ListItem","position":2,"name":"Sklep","item":"https:\/\/czteryporymilowania.pl\/?page_id=221"},{"@type":"ListItem","position":3,"name":"Zaczynam od nowa \u2013 winyl (2x LP) (2024r.)"}]},{"@type":"WebSite","@id":"https:\/\/czteryporymilowania.pl\/#website","url":"https:\/\/czteryporymilowania.pl\/","name":"Cztery Pory Mi\u0142owania","description":"Oficjalna strona zespo\u0142u Cztery Pory Mi\u0142owania","publisher":{"@id":"https:\/\/czteryporymilowania.pl\/#organization"},"potentialAction":[{"@type":"SearchAction","target":{"@type":"EntryPoint","urlTemplate":"https:\/\/czteryporymilowania.pl\/?s={search_term_string}"},"query-input":{"@type":"PropertyValueSpecification","valueRequired":true,"valueName":"search_term_string"}}],"inLanguage":"pl-PL"},{"@type":"Organization","@id":"https:\/\/czteryporymilowania.pl\/#organization","name":"Cztery Pory Mi\u0142owania","url":"https:\/\/czteryporymilowania.pl\/","logo":{"@type":"ImageObject","inLanguage":"pl-PL","@id":"https:\/\/czteryporymilowania.pl\/#\/schema\/logo\/image\/","url":"https:\/\/czteryporymilowania.pl\/wp-content\/uploads\/2021\/06\/cropped-209428703_138683461698957_504648459400028346_n.png","contentUrl":"https:\/\/czteryporymilowania.pl\/wp-content\/uploads\/2021\/06\/cropped-209428703_138683461698957_504648459400028346_n.png","width":512,"height":512,"caption":"Cztery Pory Mi\u0142owania"},"image":{"@id":"https:\/\/czteryporymilowania.pl\/#\/schema\/logo\/image\/"}}]}},"_links":{"self":[{"href":"https:\/\/czteryporymilowania.pl\/index.php?rest_route=\/wp\/v2\/product\/6993","targetHints":{"allow":["GET"]}}],"collection":[{"href":"https:\/\/czteryporymilowania.pl\/index.php?rest_route=\/wp\/v2\/product"}],"about":[{"href":"https:\/\/czteryporymilowania.pl\/index.php?rest_route=\/wp\/v2\/types\/product"}],"replies":[{"embeddable":true,"href":"https:\/\/czteryporymilowania.pl\/index.php?rest_route=%2Fwp%2Fv2%2Fcomments&post=6993"}],"wp:featuredmedia":[{"embeddable":true,"href":"https:\/\/czteryporymilowania.pl\/index.php?rest_route=\/wp\/v2\/media\/6994"}],"wp:attachment":[{"href":"https:\/\/czteryporymilowania.pl\/index.php?rest_route=%2Fwp%2Fv2%2Fmedia&parent=6993"}],"wp:term":[{"taxonomy":"product_brand","embeddable":true,"href":"https:\/\/czteryporymilowania.pl\/index.php?rest_route=%2Fwp%2Fv2%2Fproduct_brand&post=6993"},{"taxonomy":"product_cat","embeddable":true,"href":"https:\/\/czteryporymilowania.pl\/index.php?rest_route=%2Fwp%2Fv2%2Fproduct_cat&post=6993"},{"taxonomy":"product_tag","embeddable":true,"href":"https:\/\/czteryporymilowania.pl\/index.php?rest_route=%2Fwp%2Fv2%2Fproduct_tag&post=6993"}],"curies":[{"name":"wp","href":"https:\/\/api.w.org\/{rel}","templated":true}]}}