{"id":8023,"date":"2025-07-08T18:59:48","date_gmt":"2025-07-08T18:59:48","guid":{"rendered":"https:\/\/czteryporymilowania.pl\/?post_type=product&#038;p=8023"},"modified":"2026-02-11T10:29:43","modified_gmt":"2026-02-11T10:29:43","slug":"lzy-aniola-2x-plyta-cd-2025r","status":"publish","type":"product","link":"https:\/\/czteryporymilowania.pl\/?product=lzy-aniola-2x-plyta-cd-2025r","title":{"rendered":"\u0141zy anio\u0142a &#8211; 2x p\u0142yta CD (2025r.)"},"content":{"rendered":"<p>Album zawiera dwie p\u0142yty, \u0142\u0105cznie 20 piosenek:<\/p>\n<p><strong>CD 1 &#8211; Wielkie dni<\/strong><\/p>\n<ol>\n<li><strong>Skrzyd\u0142a<\/strong><br \/>\n(s\u0142. Justyna Lew-Machnicka, muz. Micha\u0142 Miotke)<\/li>\n<li><strong>Przyzwoito\u015b\u0107<\/strong><br \/>\n(s\u0142. Krzysztof Kasperczyk, muz. Micha\u0142 Miotke)<\/li>\n<li><strong>Brewiarz<\/strong><br \/>\n(s\u0142. Justyna Lew-Machnicka, muz. Micha\u0142 Miotke)<\/li>\n<li><strong>Tak mnie ta\u0144cz<\/strong><br \/>\n(s\u0142. Justyna Lew-Machnicka, muz. Micha\u0142 Miotke)<\/li>\n<li><strong>Wielkie dni<\/strong><br \/>\n(s\u0142. Justyna Lew-Machnicka, muz. Micha\u0142 Miotke)<\/li>\n<li><strong>Malarz<\/strong><br \/>\n(s\u0142. Justyna Lew-Machnicka, muz. Patryk Wendrowski)<\/li>\n<li><strong>Kres<\/strong><br \/>\n(s\u0142. Justyna Lew-Machnicka, muz. Micha\u0142 Miotke)<\/li>\n<li><strong>\u0141zy anio\u0142a<\/strong><br \/>\n(s\u0142. Justyna Lew-Machnicka, muz. Micha\u0142 Miotke)<\/li>\n<li><strong>Po co<\/strong><br \/>\n(s\u0142. Justyna Lew-Machnicka, muz. Micha\u0142 Miotke)<\/li>\n<li><strong>Koniec na dzisiaj<\/strong><br \/>\n(s\u0142. Justyna Lew-Machnicka, muz. Micha\u0142 Miotke)<\/li>\n<\/ol>\n<p><strong>CD 2 &#8211; Cz\u0142owiek<\/strong><\/p>\n<ol>\n<li><strong>Cz\u0142owiek<\/strong><br \/>\n(s\u0142. Piotr Brymas, muz. Patryk Wendrowski)<\/li>\n<li><strong>Wiara, nadzieja i mi\u0142o\u015b\u0107<\/strong><br \/>\n(s\u0142. Justyna Lew-Machnicka, muz. Patryk Wendrowski)<\/li>\n<li><strong>Setki nocy<\/strong><br \/>\n(s\u0142. Justyna Lew-Machnicka, muz. Micha\u0142 Miotke)<\/li>\n<li><strong>Wygnajewo<\/strong><br \/>\n(s\u0142. Justyna Lew-Machnicka, muz. Micha\u0142 Miotke)<\/li>\n<li><strong>Kocham Ci\u0119 tuli\u0107 rano<\/strong><br \/>\n(s\u0142. Krzysztof Kasperczyk, muz. Micha\u0142 Miotke)<\/li>\n<li><strong>U\u015bmiecham si\u0119 do Ciebie<\/strong><br \/>\n(s\u0142. Justyna Lew-Machnicka, muz. Micha\u0142 Miotke)<\/li>\n<li><strong>Ta\u0144ce \u017cycia<\/strong><br \/>\n(s\u0142. Krzysztof Kasperczyk, muz. Micha\u0142 Miotke)<\/li>\n<li><strong>To przecie\u017c my<\/strong><br \/>\n(s\u0142. Justyna Lew-Machnicka, muz. Micha\u0142 Miotke)<\/li>\n<li><strong>Urodzonym<\/strong><br \/>\n(s\u0142. Krzysztof Kasperczyk, muz. Patryk Wendrowski)<\/li>\n<li><strong>Pie\u015b\u0144 na odej\u015bcie<\/strong><br \/>\n(s\u0142. Justyna Lew-Machnicka, muz. Micha\u0142 Miotke)<\/li>\n<\/ol>\n","protected":false},"excerpt":{"rendered":"<p>Album zawiera dwie p\u0142yty, \u0142\u0105cznie 20 piosenek: CD 1 &#8211; Wielkie dni Skrzyd\u0142a (s\u0142. Justyna Lew-Machnicka, muz. Micha\u0142 Miotke) Przyzwoito\u015b\u0107 (s\u0142. Krzysztof Kasperczyk, muz. Micha\u0142 Miotke) Brewiarz (s\u0142. Justyna Lew-Machnicka, muz. Micha\u0142 Miotke) Tak mnie ta\u0144cz (s\u0142. Justyna Lew-Machnicka, muz. Micha\u0142 Miotke) Wielkie dni (s\u0142. Justyna Lew-Machnicka, muz. Micha\u0142 Miotke) Malarz (s\u0142. Justyna Lew-Machnicka, muz. [&hellip;]<\/p>\n","protected":false},"featured_media":8024,"comment_status":"open","ping_status":"closed","template":"","meta":{"_acf_changed":false},"product_brand":[],"product_cat":[22],"product_tag":[],"class_list":{"0":"post-8023","1":"product","2":"type-product","3":"status-publish","4":"has-post-thumbnail","6":"product_cat-plyty-cd","8":"first","9":"instock","10":"taxable","11":"shipping-taxable","12":"purchasable","13":"product-type-simple"},"acf":[],"yoast_head":"<!-- This site is optimized with the Yoast SEO plugin v27.4 - https:\/\/yoast.com\/product\/yoast-seo-wordpress\/ -->\n<title>\u0141zy anio\u0142a - 2x p\u0142yta CD (2025r.) - Cztery Pory Mi\u0142owania<\/title>\n<meta name=\"description\" content=\"Album pt. &quot;\u0141zy anio\u0142a&quot; wydany w 2025r. Album zawiera dwie p\u0142yty CD, na kt\u00f3rych zarejestrowano 20 piosenek, do tekst\u00f3w g\u0142\u00f3wnie Justyny Lew-Machnickiej.\" \/>\n<meta name=\"robots\" content=\"index, follow, max-snippet:-1, max-image-preview:large, max-video-preview:-1\" \/>\n<link rel=\"canonical\" href=\"https:\/\/czteryporymilowania.pl\/produkt\/lzy-aniola-2x-plyta-cd-2025r\/\" \/>\n<meta property=\"og:locale\" content=\"pl_PL\" \/>\n<meta property=\"og:type\" content=\"article\" \/>\n<meta property=\"og:title\" content=\"\u0141zy anio\u0142a - 2x p\u0142yta CD (2025r.) - Cztery Pory Mi\u0142owania\" \/>\n<meta property=\"og:description\" content=\"Album pt. &quot;\u0141zy anio\u0142a&quot; wydany w 2025r. Album zawiera dwie p\u0142yty CD, na kt\u00f3rych zarejestrowano 20 piosenek, do tekst\u00f3w g\u0142\u00f3wnie Justyny Lew-Machnickiej.\" \/>\n<meta property=\"og:url\" content=\"https:\/\/czteryporymilowania.pl\/produkt\/lzy-aniola-2x-plyta-cd-2025r\/\" \/>\n<meta property=\"og:site_name\" content=\"Cztery Pory Mi\u0142owania\" \/>\n<meta property=\"article:modified_time\" content=\"2026-02-11T10:29:43+00:00\" \/>\n<meta property=\"og:image\" content=\"https:\/\/czteryporymilowania.pl\/wp-content\/uploads\/2025\/07\/lzy-aniola-digipack-mockup-scaled.jpg\" \/>\n\t<meta property=\"og:image:width\" content=\"2560\" \/>\n\t<meta property=\"og:image:height\" content=\"1920\" \/>\n\t<meta property=\"og:image:type\" content=\"image\/jpeg\" \/>\n<meta name=\"twitter:card\" content=\"summary_large_image\" \/>\n<meta name=\"twitter:label1\" content=\"Szacowany czas czytania\" \/>\n\t<meta name=\"twitter:data1\" content=\"2 minuty\" \/>\n<script type=\"application\/ld+json\" class=\"yoast-schema-graph\">{\"@context\":\"https:\\\/\\\/schema.org\",\"@graph\":[{\"@type\":\"WebPage\",\"@id\":\"https:\\\/\\\/czteryporymilowania.pl\\\/produkt\\\/lzy-aniola-2x-plyta-cd-2025r\\\/\",\"url\":\"https:\\\/\\\/czteryporymilowania.pl\\\/produkt\\\/lzy-aniola-2x-plyta-cd-2025r\\\/\",\"name\":\"\u0141zy anio\u0142a - 2x p\u0142yta CD (2025r.) - Cztery Pory Mi\u0142owania\",\"isPartOf\":{\"@id\":\"https:\\\/\\\/czteryporymilowania.pl\\\/#website\"},\"primaryImageOfPage\":{\"@id\":\"https:\\\/\\\/czteryporymilowania.pl\\\/produkt\\\/lzy-aniola-2x-plyta-cd-2025r\\\/#primaryimage\"},\"image\":{\"@id\":\"https:\\\/\\\/czteryporymilowania.pl\\\/produkt\\\/lzy-aniola-2x-plyta-cd-2025r\\\/#primaryimage\"},\"thumbnailUrl\":\"https:\\\/\\\/czteryporymilowania.pl\\\/wp-content\\\/uploads\\\/2025\\\/07\\\/lzy-aniola-digipack-mockup-scaled.jpg\",\"datePublished\":\"2025-07-08T18:59:48+00:00\",\"dateModified\":\"2026-02-11T10:29:43+00:00\",\"description\":\"Album pt. \\\"\u0141zy anio\u0142a\\\" wydany w 2025r. Album zawiera dwie p\u0142yty CD, na kt\u00f3rych zarejestrowano 20 piosenek, do tekst\u00f3w g\u0142\u00f3wnie Justyny Lew-Machnickiej.\",\"breadcrumb\":{\"@id\":\"https:\\\/\\\/czteryporymilowania.pl\\\/produkt\\\/lzy-aniola-2x-plyta-cd-2025r\\\/#breadcrumb\"},\"inLanguage\":\"pl-PL\",\"potentialAction\":[{\"@type\":\"ReadAction\",\"target\":[\"https:\\\/\\\/czteryporymilowania.pl\\\/produkt\\\/lzy-aniola-2x-plyta-cd-2025r\\\/\"]}]},{\"@type\":\"ImageObject\",\"inLanguage\":\"pl-PL\",\"@id\":\"https:\\\/\\\/czteryporymilowania.pl\\\/produkt\\\/lzy-aniola-2x-plyta-cd-2025r\\\/#primaryimage\",\"url\":\"https:\\\/\\\/czteryporymilowania.pl\\\/wp-content\\\/uploads\\\/2025\\\/07\\\/lzy-aniola-digipack-mockup-scaled.jpg\",\"contentUrl\":\"https:\\\/\\\/czteryporymilowania.pl\\\/wp-content\\\/uploads\\\/2025\\\/07\\\/lzy-aniola-digipack-mockup-scaled.jpg\",\"width\":2560,\"height\":1920,\"caption\":\"mockups-design.com\"},{\"@type\":\"BreadcrumbList\",\"@id\":\"https:\\\/\\\/czteryporymilowania.pl\\\/produkt\\\/lzy-aniola-2x-plyta-cd-2025r\\\/#breadcrumb\",\"itemListElement\":[{\"@type\":\"ListItem\",\"position\":1,\"name\":\"Strona g\u0142\u00f3wna\",\"item\":\"https:\\\/\\\/czteryporymilowania.pl\\\/\"},{\"@type\":\"ListItem\",\"position\":2,\"name\":\"Sklep\",\"item\":\"https:\\\/\\\/czteryporymilowania.pl\\\/?page_id=221\"},{\"@type\":\"ListItem\",\"position\":3,\"name\":\"\u0141zy anio\u0142a &#8211; 2x p\u0142yta CD (2025r.)\"}]},{\"@type\":\"WebSite\",\"@id\":\"https:\\\/\\\/czteryporymilowania.pl\\\/#website\",\"url\":\"https:\\\/\\\/czteryporymilowania.pl\\\/\",\"name\":\"Cztery Pory Mi\u0142owania\",\"description\":\"Oficjalna strona zespo\u0142u Cztery Pory Mi\u0142owania\",\"publisher\":{\"@id\":\"https:\\\/\\\/czteryporymilowania.pl\\\/#organization\"},\"potentialAction\":[{\"@type\":\"SearchAction\",\"target\":{\"@type\":\"EntryPoint\",\"urlTemplate\":\"https:\\\/\\\/czteryporymilowania.pl\\\/?s={search_term_string}\"},\"query-input\":{\"@type\":\"PropertyValueSpecification\",\"valueRequired\":true,\"valueName\":\"search_term_string\"}}],\"inLanguage\":\"pl-PL\"},{\"@type\":\"Organization\",\"@id\":\"https:\\\/\\\/czteryporymilowania.pl\\\/#organization\",\"name\":\"Cztery Pory Mi\u0142owania\",\"url\":\"https:\\\/\\\/czteryporymilowania.pl\\\/\",\"logo\":{\"@type\":\"ImageObject\",\"inLanguage\":\"pl-PL\",\"@id\":\"https:\\\/\\\/czteryporymilowania.pl\\\/#\\\/schema\\\/logo\\\/image\\\/\",\"url\":\"https:\\\/\\\/czteryporymilowania.pl\\\/wp-content\\\/uploads\\\/2021\\\/06\\\/cropped-209428703_138683461698957_504648459400028346_n.png\",\"contentUrl\":\"https:\\\/\\\/czteryporymilowania.pl\\\/wp-content\\\/uploads\\\/2021\\\/06\\\/cropped-209428703_138683461698957_504648459400028346_n.png\",\"width\":512,\"height\":512,\"caption\":\"Cztery Pory Mi\u0142owania\"},\"image\":{\"@id\":\"https:\\\/\\\/czteryporymilowania.pl\\\/#\\\/schema\\\/logo\\\/image\\\/\"}}]}<\/script>\n<!-- \/ Yoast SEO plugin. -->","yoast_head_json":{"title":"\u0141zy anio\u0142a - 2x p\u0142yta CD (2025r.) - Cztery Pory Mi\u0142owania","description":"Album pt. \"\u0141zy anio\u0142a\" wydany w 2025r. Album zawiera dwie p\u0142yty CD, na kt\u00f3rych zarejestrowano 20 piosenek, do tekst\u00f3w g\u0142\u00f3wnie Justyny Lew-Machnickiej.","robots":{"index":"index","follow":"follow","max-snippet":"max-snippet:-1","max-image-preview":"max-image-preview:large","max-video-preview":"max-video-preview:-1"},"canonical":"https:\/\/czteryporymilowania.pl\/produkt\/lzy-aniola-2x-plyta-cd-2025r\/","og_locale":"pl_PL","og_type":"article","og_title":"\u0141zy anio\u0142a - 2x p\u0142yta CD (2025r.) - Cztery Pory Mi\u0142owania","og_description":"Album pt. \"\u0141zy anio\u0142a\" wydany w 2025r. Album zawiera dwie p\u0142yty CD, na kt\u00f3rych zarejestrowano 20 piosenek, do tekst\u00f3w g\u0142\u00f3wnie Justyny Lew-Machnickiej.","og_url":"https:\/\/czteryporymilowania.pl\/produkt\/lzy-aniola-2x-plyta-cd-2025r\/","og_site_name":"Cztery Pory Mi\u0142owania","article_modified_time":"2026-02-11T10:29:43+00:00","og_image":[{"width":2560,"height":1920,"url":"https:\/\/czteryporymilowania.pl\/wp-content\/uploads\/2025\/07\/lzy-aniola-digipack-mockup-scaled.jpg","type":"image\/jpeg"}],"twitter_card":"summary_large_image","twitter_misc":{"Szacowany czas czytania":"2 minuty"},"schema":{"@context":"https:\/\/schema.org","@graph":[{"@type":"WebPage","@id":"https:\/\/czteryporymilowania.pl\/produkt\/lzy-aniola-2x-plyta-cd-2025r\/","url":"https:\/\/czteryporymilowania.pl\/produkt\/lzy-aniola-2x-plyta-cd-2025r\/","name":"\u0141zy anio\u0142a - 2x p\u0142yta CD (2025r.) - Cztery Pory Mi\u0142owania","isPartOf":{"@id":"https:\/\/czteryporymilowania.pl\/#website"},"primaryImageOfPage":{"@id":"https:\/\/czteryporymilowania.pl\/produkt\/lzy-aniola-2x-plyta-cd-2025r\/#primaryimage"},"image":{"@id":"https:\/\/czteryporymilowania.pl\/produkt\/lzy-aniola-2x-plyta-cd-2025r\/#primaryimage"},"thumbnailUrl":"https:\/\/czteryporymilowania.pl\/wp-content\/uploads\/2025\/07\/lzy-aniola-digipack-mockup-scaled.jpg","datePublished":"2025-07-08T18:59:48+00:00","dateModified":"2026-02-11T10:29:43+00:00","description":"Album pt. \"\u0141zy anio\u0142a\" wydany w 2025r. Album zawiera dwie p\u0142yty CD, na kt\u00f3rych zarejestrowano 20 piosenek, do tekst\u00f3w g\u0142\u00f3wnie Justyny Lew-Machnickiej.","breadcrumb":{"@id":"https:\/\/czteryporymilowania.pl\/produkt\/lzy-aniola-2x-plyta-cd-2025r\/#breadcrumb"},"inLanguage":"pl-PL","potentialAction":[{"@type":"ReadAction","target":["https:\/\/czteryporymilowania.pl\/produkt\/lzy-aniola-2x-plyta-cd-2025r\/"]}]},{"@type":"ImageObject","inLanguage":"pl-PL","@id":"https:\/\/czteryporymilowania.pl\/produkt\/lzy-aniola-2x-plyta-cd-2025r\/#primaryimage","url":"https:\/\/czteryporymilowania.pl\/wp-content\/uploads\/2025\/07\/lzy-aniola-digipack-mockup-scaled.jpg","contentUrl":"https:\/\/czteryporymilowania.pl\/wp-content\/uploads\/2025\/07\/lzy-aniola-digipack-mockup-scaled.jpg","width":2560,"height":1920,"caption":"mockups-design.com"},{"@type":"BreadcrumbList","@id":"https:\/\/czteryporymilowania.pl\/produkt\/lzy-aniola-2x-plyta-cd-2025r\/#breadcrumb","itemListElement":[{"@type":"ListItem","position":1,"name":"Strona g\u0142\u00f3wna","item":"https:\/\/czteryporymilowania.pl\/"},{"@type":"ListItem","position":2,"name":"Sklep","item":"https:\/\/czteryporymilowania.pl\/?page_id=221"},{"@type":"ListItem","position":3,"name":"\u0141zy anio\u0142a &#8211; 2x p\u0142yta CD (2025r.)"}]},{"@type":"WebSite","@id":"https:\/\/czteryporymilowania.pl\/#website","url":"https:\/\/czteryporymilowania.pl\/","name":"Cztery Pory Mi\u0142owania","description":"Oficjalna strona zespo\u0142u Cztery Pory Mi\u0142owania","publisher":{"@id":"https:\/\/czteryporymilowania.pl\/#organization"},"potentialAction":[{"@type":"SearchAction","target":{"@type":"EntryPoint","urlTemplate":"https:\/\/czteryporymilowania.pl\/?s={search_term_string}"},"query-input":{"@type":"PropertyValueSpecification","valueRequired":true,"valueName":"search_term_string"}}],"inLanguage":"pl-PL"},{"@type":"Organization","@id":"https:\/\/czteryporymilowania.pl\/#organization","name":"Cztery Pory Mi\u0142owania","url":"https:\/\/czteryporymilowania.pl\/","logo":{"@type":"ImageObject","inLanguage":"pl-PL","@id":"https:\/\/czteryporymilowania.pl\/#\/schema\/logo\/image\/","url":"https:\/\/czteryporymilowania.pl\/wp-content\/uploads\/2021\/06\/cropped-209428703_138683461698957_504648459400028346_n.png","contentUrl":"https:\/\/czteryporymilowania.pl\/wp-content\/uploads\/2021\/06\/cropped-209428703_138683461698957_504648459400028346_n.png","width":512,"height":512,"caption":"Cztery Pory Mi\u0142owania"},"image":{"@id":"https:\/\/czteryporymilowania.pl\/#\/schema\/logo\/image\/"}}]}},"_links":{"self":[{"href":"https:\/\/czteryporymilowania.pl\/index.php?rest_route=\/wp\/v2\/product\/8023","targetHints":{"allow":["GET"]}}],"collection":[{"href":"https:\/\/czteryporymilowania.pl\/index.php?rest_route=\/wp\/v2\/product"}],"about":[{"href":"https:\/\/czteryporymilowania.pl\/index.php?rest_route=\/wp\/v2\/types\/product"}],"replies":[{"embeddable":true,"href":"https:\/\/czteryporymilowania.pl\/index.php?rest_route=%2Fwp%2Fv2%2Fcomments&post=8023"}],"wp:featuredmedia":[{"embeddable":true,"href":"https:\/\/czteryporymilowania.pl\/index.php?rest_route=\/wp\/v2\/media\/8024"}],"wp:attachment":[{"href":"https:\/\/czteryporymilowania.pl\/index.php?rest_route=%2Fwp%2Fv2%2Fmedia&parent=8023"}],"wp:term":[{"taxonomy":"product_brand","embeddable":true,"href":"https:\/\/czteryporymilowania.pl\/index.php?rest_route=%2Fwp%2Fv2%2Fproduct_brand&post=8023"},{"taxonomy":"product_cat","embeddable":true,"href":"https:\/\/czteryporymilowania.pl\/index.php?rest_route=%2Fwp%2Fv2%2Fproduct_cat&post=8023"},{"taxonomy":"product_tag","embeddable":true,"href":"https:\/\/czteryporymilowania.pl\/index.php?rest_route=%2Fwp%2Fv2%2Fproduct_tag&post=8023"}],"curies":[{"name":"wp","href":"https:\/\/api.w.org\/{rel}","templated":true}]}}