{"id":9139,"date":"2025-08-20T09:46:34","date_gmt":"2025-08-20T09:46:34","guid":{"rendered":"https:\/\/czteryporymilowania.pl\/?post_type=product&#038;p=9139"},"modified":"2026-02-11T10:24:49","modified_gmt":"2026-02-11T10:24:49","slug":"lzy-aniola-winyl-2x-lp-2025r","status":"publish","type":"product","link":"https:\/\/czteryporymilowania.pl\/?product=lzy-aniola-winyl-2x-lp-2025r","title":{"rendered":"\u0141zy anio\u0142a \u2013 winyl (2x LP) (2025r.)"},"content":{"rendered":"<p>Winyl 180g w kolorze czarnym.<\/p>\n<p>LP 1<\/p>\n<p><strong>STRONA A<\/strong><\/p>\n<p>1. Skrzyd\u0142a<br \/>\n2. Przyzwoito\u015b\u0107<br \/>\n3. Brewiarz<br \/>\n4. Tak mnie ta\u0144cz<br \/>\n5. Wielkie dni<\/p>\n<p><strong>STRONA B<\/strong><\/p>\n<p>6. Malarz<br \/>\n7. Kres<br \/>\n8. \u0141zy anio\u0142a<br \/>\n9. Po co<br \/>\n10. Koniec na dzisiaj<\/p>\n<p>LP 2<\/p>\n<p><strong>STRONA A<\/strong><\/p>\n<p>1. Cz\u0142owiek<br \/>\n2. Wiara, nadzieja i mi\u0142o\u015b\u0107<br \/>\n3. Setki nocy<br \/>\n4. Wygnajewo<br \/>\n5. Kocham Ci\u0119 tuli\u0107 rano<\/p>\n<p><strong>STRONA B<\/strong><\/p>\n<p>6. U\u015bmiecham si\u0119 do Ciebie<br \/>\n7. Ta\u0144ce \u017cycia<br \/>\n8. To przecie\u017c my<br \/>\n9. Urodzonym<br \/>\n10. Pie\u015b\u0144 na odej\u015bcie<\/p>\n","protected":false},"excerpt":{"rendered":"<p>Winyl 180g w kolorze czarnym. LP 1 STRONA A 1. Skrzyd\u0142a 2. Przyzwoito\u015b\u0107 3. Brewiarz 4. Tak mnie ta\u0144cz 5. Wielkie dni STRONA B 6. Malarz 7. Kres 8. \u0141zy anio\u0142a 9. Po co 10. Koniec na dzisiaj LP 2 STRONA A 1. Cz\u0142owiek 2. Wiara, nadzieja i mi\u0142o\u015b\u0107 3. Setki nocy 4. Wygnajewo 5. [&hellip;]<\/p>\n","protected":false},"featured_media":9140,"comment_status":"open","ping_status":"closed","template":"","meta":{"_acf_changed":false},"product_brand":[],"product_cat":[43],"product_tag":[],"class_list":{"0":"post-9139","1":"product","2":"type-product","3":"status-publish","4":"has-post-thumbnail","6":"product_cat-plyty-lp-winylowe","8":"first","9":"instock","10":"taxable","11":"shipping-taxable","12":"purchasable","13":"product-type-simple"},"acf":[],"yoast_head":"<!-- This site is optimized with the Yoast SEO plugin v27.4 - https:\/\/yoast.com\/product\/yoast-seo-wordpress\/ -->\n<title>\u0141zy anio\u0142a \u2013 winyl (2x LP) (2025r.) - Cztery Pory Mi\u0142owania<\/title>\n<meta name=\"robots\" content=\"index, follow, max-snippet:-1, max-image-preview:large, max-video-preview:-1\" \/>\n<link rel=\"canonical\" href=\"https:\/\/czteryporymilowania.pl\/produkt\/lzy-aniola-winyl-2x-lp-2025r\/\" \/>\n<meta property=\"og:locale\" content=\"pl_PL\" \/>\n<meta property=\"og:type\" content=\"article\" \/>\n<meta property=\"og:title\" content=\"\u0141zy anio\u0142a \u2013 winyl (2x LP) (2025r.) - Cztery Pory Mi\u0142owania\" \/>\n<meta property=\"og:description\" content=\"Winyl 180g w kolorze czarnym. LP 1 STRONA A 1. Skrzyd\u0142a 2. Przyzwoito\u015b\u0107 3. Brewiarz 4. Tak mnie ta\u0144cz 5. Wielkie dni STRONA B 6. Malarz 7. Kres 8. \u0141zy anio\u0142a 9. Po co 10. Koniec na dzisiaj LP 2 STRONA A 1. Cz\u0142owiek 2. Wiara, nadzieja i mi\u0142o\u015b\u0107 3. Setki nocy 4. Wygnajewo 5. [&hellip;]\" \/>\n<meta property=\"og:url\" content=\"https:\/\/czteryporymilowania.pl\/produkt\/lzy-aniola-winyl-2x-lp-2025r\/\" \/>\n<meta property=\"og:site_name\" content=\"Cztery Pory Mi\u0142owania\" \/>\n<meta property=\"article:modified_time\" content=\"2026-02-11T10:24:49+00:00\" \/>\n<meta property=\"og:image\" content=\"https:\/\/czteryporymilowania.pl\/wp-content\/uploads\/2025\/08\/lzy-aniola-winyl-mockup-kopia-scaled.jpg\" \/>\n\t<meta property=\"og:image:width\" content=\"2560\" \/>\n\t<meta property=\"og:image:height\" content=\"1920\" \/>\n\t<meta property=\"og:image:type\" content=\"image\/jpeg\" \/>\n<meta name=\"twitter:card\" content=\"summary_large_image\" \/>\n<meta name=\"twitter:label1\" content=\"Szacowany czas czytania\" \/>\n\t<meta name=\"twitter:data1\" content=\"1 minuta\" \/>\n<script type=\"application\/ld+json\" class=\"yoast-schema-graph\">{\"@context\":\"https:\\\/\\\/schema.org\",\"@graph\":[{\"@type\":\"WebPage\",\"@id\":\"https:\\\/\\\/czteryporymilowania.pl\\\/produkt\\\/lzy-aniola-winyl-2x-lp-2025r\\\/\",\"url\":\"https:\\\/\\\/czteryporymilowania.pl\\\/produkt\\\/lzy-aniola-winyl-2x-lp-2025r\\\/\",\"name\":\"\u0141zy anio\u0142a \u2013 winyl (2x LP) (2025r.) - Cztery Pory Mi\u0142owania\",\"isPartOf\":{\"@id\":\"https:\\\/\\\/czteryporymilowania.pl\\\/#website\"},\"primaryImageOfPage\":{\"@id\":\"https:\\\/\\\/czteryporymilowania.pl\\\/produkt\\\/lzy-aniola-winyl-2x-lp-2025r\\\/#primaryimage\"},\"image\":{\"@id\":\"https:\\\/\\\/czteryporymilowania.pl\\\/produkt\\\/lzy-aniola-winyl-2x-lp-2025r\\\/#primaryimage\"},\"thumbnailUrl\":\"https:\\\/\\\/czteryporymilowania.pl\\\/wp-content\\\/uploads\\\/2025\\\/08\\\/lzy-aniola-winyl-mockup-kopia-scaled.jpg\",\"datePublished\":\"2025-08-20T09:46:34+00:00\",\"dateModified\":\"2026-02-11T10:24:49+00:00\",\"breadcrumb\":{\"@id\":\"https:\\\/\\\/czteryporymilowania.pl\\\/produkt\\\/lzy-aniola-winyl-2x-lp-2025r\\\/#breadcrumb\"},\"inLanguage\":\"pl-PL\",\"potentialAction\":[{\"@type\":\"ReadAction\",\"target\":[\"https:\\\/\\\/czteryporymilowania.pl\\\/produkt\\\/lzy-aniola-winyl-2x-lp-2025r\\\/\"]}]},{\"@type\":\"ImageObject\",\"inLanguage\":\"pl-PL\",\"@id\":\"https:\\\/\\\/czteryporymilowania.pl\\\/produkt\\\/lzy-aniola-winyl-2x-lp-2025r\\\/#primaryimage\",\"url\":\"https:\\\/\\\/czteryporymilowania.pl\\\/wp-content\\\/uploads\\\/2025\\\/08\\\/lzy-aniola-winyl-mockup-kopia-scaled.jpg\",\"contentUrl\":\"https:\\\/\\\/czteryporymilowania.pl\\\/wp-content\\\/uploads\\\/2025\\\/08\\\/lzy-aniola-winyl-mockup-kopia-scaled.jpg\",\"width\":2560,\"height\":1920},{\"@type\":\"BreadcrumbList\",\"@id\":\"https:\\\/\\\/czteryporymilowania.pl\\\/produkt\\\/lzy-aniola-winyl-2x-lp-2025r\\\/#breadcrumb\",\"itemListElement\":[{\"@type\":\"ListItem\",\"position\":1,\"name\":\"Strona g\u0142\u00f3wna\",\"item\":\"https:\\\/\\\/czteryporymilowania.pl\\\/\"},{\"@type\":\"ListItem\",\"position\":2,\"name\":\"Sklep\",\"item\":\"https:\\\/\\\/czteryporymilowania.pl\\\/?page_id=221\"},{\"@type\":\"ListItem\",\"position\":3,\"name\":\"\u0141zy anio\u0142a \u2013 winyl (2x LP) (2025r.)\"}]},{\"@type\":\"WebSite\",\"@id\":\"https:\\\/\\\/czteryporymilowania.pl\\\/#website\",\"url\":\"https:\\\/\\\/czteryporymilowania.pl\\\/\",\"name\":\"Cztery Pory Mi\u0142owania\",\"description\":\"Oficjalna strona zespo\u0142u Cztery Pory Mi\u0142owania\",\"publisher\":{\"@id\":\"https:\\\/\\\/czteryporymilowania.pl\\\/#organization\"},\"potentialAction\":[{\"@type\":\"SearchAction\",\"target\":{\"@type\":\"EntryPoint\",\"urlTemplate\":\"https:\\\/\\\/czteryporymilowania.pl\\\/?s={search_term_string}\"},\"query-input\":{\"@type\":\"PropertyValueSpecification\",\"valueRequired\":true,\"valueName\":\"search_term_string\"}}],\"inLanguage\":\"pl-PL\"},{\"@type\":\"Organization\",\"@id\":\"https:\\\/\\\/czteryporymilowania.pl\\\/#organization\",\"name\":\"Cztery Pory Mi\u0142owania\",\"url\":\"https:\\\/\\\/czteryporymilowania.pl\\\/\",\"logo\":{\"@type\":\"ImageObject\",\"inLanguage\":\"pl-PL\",\"@id\":\"https:\\\/\\\/czteryporymilowania.pl\\\/#\\\/schema\\\/logo\\\/image\\\/\",\"url\":\"https:\\\/\\\/czteryporymilowania.pl\\\/wp-content\\\/uploads\\\/2021\\\/06\\\/cropped-209428703_138683461698957_504648459400028346_n.png\",\"contentUrl\":\"https:\\\/\\\/czteryporymilowania.pl\\\/wp-content\\\/uploads\\\/2021\\\/06\\\/cropped-209428703_138683461698957_504648459400028346_n.png\",\"width\":512,\"height\":512,\"caption\":\"Cztery Pory Mi\u0142owania\"},\"image\":{\"@id\":\"https:\\\/\\\/czteryporymilowania.pl\\\/#\\\/schema\\\/logo\\\/image\\\/\"}}]}<\/script>\n<!-- \/ Yoast SEO plugin. -->","yoast_head_json":{"title":"\u0141zy anio\u0142a \u2013 winyl (2x LP) (2025r.) - Cztery Pory Mi\u0142owania","robots":{"index":"index","follow":"follow","max-snippet":"max-snippet:-1","max-image-preview":"max-image-preview:large","max-video-preview":"max-video-preview:-1"},"canonical":"https:\/\/czteryporymilowania.pl\/produkt\/lzy-aniola-winyl-2x-lp-2025r\/","og_locale":"pl_PL","og_type":"article","og_title":"\u0141zy anio\u0142a \u2013 winyl (2x LP) (2025r.) - Cztery Pory Mi\u0142owania","og_description":"Winyl 180g w kolorze czarnym. LP 1 STRONA A 1. Skrzyd\u0142a 2. Przyzwoito\u015b\u0107 3. Brewiarz 4. Tak mnie ta\u0144cz 5. Wielkie dni STRONA B 6. Malarz 7. Kres 8. \u0141zy anio\u0142a 9. Po co 10. Koniec na dzisiaj LP 2 STRONA A 1. Cz\u0142owiek 2. Wiara, nadzieja i mi\u0142o\u015b\u0107 3. Setki nocy 4. Wygnajewo 5. [&hellip;]","og_url":"https:\/\/czteryporymilowania.pl\/produkt\/lzy-aniola-winyl-2x-lp-2025r\/","og_site_name":"Cztery Pory Mi\u0142owania","article_modified_time":"2026-02-11T10:24:49+00:00","og_image":[{"width":2560,"height":1920,"url":"https:\/\/czteryporymilowania.pl\/wp-content\/uploads\/2025\/08\/lzy-aniola-winyl-mockup-kopia-scaled.jpg","type":"image\/jpeg"}],"twitter_card":"summary_large_image","twitter_misc":{"Szacowany czas czytania":"1 minuta"},"schema":{"@context":"https:\/\/schema.org","@graph":[{"@type":"WebPage","@id":"https:\/\/czteryporymilowania.pl\/produkt\/lzy-aniola-winyl-2x-lp-2025r\/","url":"https:\/\/czteryporymilowania.pl\/produkt\/lzy-aniola-winyl-2x-lp-2025r\/","name":"\u0141zy anio\u0142a \u2013 winyl (2x LP) (2025r.) - Cztery Pory Mi\u0142owania","isPartOf":{"@id":"https:\/\/czteryporymilowania.pl\/#website"},"primaryImageOfPage":{"@id":"https:\/\/czteryporymilowania.pl\/produkt\/lzy-aniola-winyl-2x-lp-2025r\/#primaryimage"},"image":{"@id":"https:\/\/czteryporymilowania.pl\/produkt\/lzy-aniola-winyl-2x-lp-2025r\/#primaryimage"},"thumbnailUrl":"https:\/\/czteryporymilowania.pl\/wp-content\/uploads\/2025\/08\/lzy-aniola-winyl-mockup-kopia-scaled.jpg","datePublished":"2025-08-20T09:46:34+00:00","dateModified":"2026-02-11T10:24:49+00:00","breadcrumb":{"@id":"https:\/\/czteryporymilowania.pl\/produkt\/lzy-aniola-winyl-2x-lp-2025r\/#breadcrumb"},"inLanguage":"pl-PL","potentialAction":[{"@type":"ReadAction","target":["https:\/\/czteryporymilowania.pl\/produkt\/lzy-aniola-winyl-2x-lp-2025r\/"]}]},{"@type":"ImageObject","inLanguage":"pl-PL","@id":"https:\/\/czteryporymilowania.pl\/produkt\/lzy-aniola-winyl-2x-lp-2025r\/#primaryimage","url":"https:\/\/czteryporymilowania.pl\/wp-content\/uploads\/2025\/08\/lzy-aniola-winyl-mockup-kopia-scaled.jpg","contentUrl":"https:\/\/czteryporymilowania.pl\/wp-content\/uploads\/2025\/08\/lzy-aniola-winyl-mockup-kopia-scaled.jpg","width":2560,"height":1920},{"@type":"BreadcrumbList","@id":"https:\/\/czteryporymilowania.pl\/produkt\/lzy-aniola-winyl-2x-lp-2025r\/#breadcrumb","itemListElement":[{"@type":"ListItem","position":1,"name":"Strona g\u0142\u00f3wna","item":"https:\/\/czteryporymilowania.pl\/"},{"@type":"ListItem","position":2,"name":"Sklep","item":"https:\/\/czteryporymilowania.pl\/?page_id=221"},{"@type":"ListItem","position":3,"name":"\u0141zy anio\u0142a \u2013 winyl (2x LP) (2025r.)"}]},{"@type":"WebSite","@id":"https:\/\/czteryporymilowania.pl\/#website","url":"https:\/\/czteryporymilowania.pl\/","name":"Cztery Pory Mi\u0142owania","description":"Oficjalna strona zespo\u0142u Cztery Pory Mi\u0142owania","publisher":{"@id":"https:\/\/czteryporymilowania.pl\/#organization"},"potentialAction":[{"@type":"SearchAction","target":{"@type":"EntryPoint","urlTemplate":"https:\/\/czteryporymilowania.pl\/?s={search_term_string}"},"query-input":{"@type":"PropertyValueSpecification","valueRequired":true,"valueName":"search_term_string"}}],"inLanguage":"pl-PL"},{"@type":"Organization","@id":"https:\/\/czteryporymilowania.pl\/#organization","name":"Cztery Pory Mi\u0142owania","url":"https:\/\/czteryporymilowania.pl\/","logo":{"@type":"ImageObject","inLanguage":"pl-PL","@id":"https:\/\/czteryporymilowania.pl\/#\/schema\/logo\/image\/","url":"https:\/\/czteryporymilowania.pl\/wp-content\/uploads\/2021\/06\/cropped-209428703_138683461698957_504648459400028346_n.png","contentUrl":"https:\/\/czteryporymilowania.pl\/wp-content\/uploads\/2021\/06\/cropped-209428703_138683461698957_504648459400028346_n.png","width":512,"height":512,"caption":"Cztery Pory Mi\u0142owania"},"image":{"@id":"https:\/\/czteryporymilowania.pl\/#\/schema\/logo\/image\/"}}]}},"_links":{"self":[{"href":"https:\/\/czteryporymilowania.pl\/index.php?rest_route=\/wp\/v2\/product\/9139","targetHints":{"allow":["GET"]}}],"collection":[{"href":"https:\/\/czteryporymilowania.pl\/index.php?rest_route=\/wp\/v2\/product"}],"about":[{"href":"https:\/\/czteryporymilowania.pl\/index.php?rest_route=\/wp\/v2\/types\/product"}],"replies":[{"embeddable":true,"href":"https:\/\/czteryporymilowania.pl\/index.php?rest_route=%2Fwp%2Fv2%2Fcomments&post=9139"}],"wp:featuredmedia":[{"embeddable":true,"href":"https:\/\/czteryporymilowania.pl\/index.php?rest_route=\/wp\/v2\/media\/9140"}],"wp:attachment":[{"href":"https:\/\/czteryporymilowania.pl\/index.php?rest_route=%2Fwp%2Fv2%2Fmedia&parent=9139"}],"wp:term":[{"taxonomy":"product_brand","embeddable":true,"href":"https:\/\/czteryporymilowania.pl\/index.php?rest_route=%2Fwp%2Fv2%2Fproduct_brand&post=9139"},{"taxonomy":"product_cat","embeddable":true,"href":"https:\/\/czteryporymilowania.pl\/index.php?rest_route=%2Fwp%2Fv2%2Fproduct_cat&post=9139"},{"taxonomy":"product_tag","embeddable":true,"href":"https:\/\/czteryporymilowania.pl\/index.php?rest_route=%2Fwp%2Fv2%2Fproduct_tag&post=9139"}],"curies":[{"name":"wp","href":"https:\/\/api.w.org\/{rel}","templated":true}]}}